{"id":15366,"date":"2024-08-01T20:01:13","date_gmt":"2024-08-02T03:01:13","guid":{"rendered":"https:\/\/www.3c-ren.org\/codigo-energetico-connect\/"},"modified":"2025-05-20T08:45:52","modified_gmt":"2025-05-20T15:45:52","slug":"energy-code-connect","status":"publish","type":"page","link":"https:\/\/www.3c-ren.org\/es\/energy-code-connect\/","title":{"rendered":"Conexi\u00f3n a C\u00f3digos T\u00e9cnicos"},"content":{"rendered":"\t\t<div data-elementor-type=\"wp-page\" data-elementor-id=\"15366\" class=\"elementor elementor-15366 elementor-13135\" data-elementor-post-type=\"page\">\n\t\t\t\t<div class=\"elementor-element elementor-element-6a5642b1 e-flex e-con-boxed e-con e-parent\" data-id=\"6a5642b1\" data-element_type=\"container\" data-e-type=\"container\" data-settings=\"{&quot;background_background&quot;:&quot;classic&quot;}\">\n\t\t\t\t\t<div class=\"e-con-inner\">\n\t\t<div class=\"elementor-element elementor-element-42cb578d e-con-full e-flex e-con e-child\" data-id=\"42cb578d\" data-element_type=\"container\" data-e-type=\"container\">\n\t\t\t\t<div class=\"elementor-element elementor-element-41b9d2cc elementor-widget-divider--view-line elementor-widget elementor-widget-divider\" data-id=\"41b9d2cc\" data-element_type=\"widget\" data-e-type=\"widget\" data-widget_type=\"divider.default\">\n\t\t\t\t<div class=\"elementor-widget-container\">\n\t\t\t\t\t\t\t<div class=\"elementor-divider\">\n\t\t\t<span class=\"elementor-divider-separator\">\n\t\t\t\t\t\t<\/span>\n\t\t<\/div>\n\t\t\t\t\t\t<\/div>\n\t\t\t\t<\/div>\n\t\t\t\t<\/div>\n\t\t\t\t\t<\/div>\n\t\t\t\t<\/div>\n\t\t<div class=\"elementor-element elementor-element-96ce54c e-flex e-con-boxed e-con e-parent\" data-id=\"96ce54c\" data-element_type=\"container\" data-e-type=\"container\" data-settings=\"{&quot;background_background&quot;:&quot;classic&quot;}\">\n\t\t\t\t\t<div class=\"e-con-inner\">\n\t\t<div class=\"elementor-element elementor-element-22db205 e-con-full e-flex e-con e-child\" data-id=\"22db205\" data-element_type=\"container\" data-e-type=\"container\">\n\t\t\t\t<div class=\"elementor-element elementor-element-3ce1a6a elementor-widget elementor-widget-heading\" data-id=\"3ce1a6a\" data-element_type=\"widget\" data-e-type=\"widget\" data-widget_type=\"heading.default\">\n\t\t\t\t<div class=\"elementor-widget-container\">\n\t\t\t\t\t<h2 class=\"elementor-heading-title elementor-size-default\">Servicios<\/h2>\t\t\t\t<\/div>\n\t\t\t\t<\/div>\n\t\t\t\t<div class=\"elementor-element elementor-element-db87c6a elementor-widget__width-initial elementor-widget-mobile__width-inherit elementor-widget elementor-widget-text-editor\" data-id=\"db87c6a\" data-element_type=\"widget\" data-e-type=\"widget\" data-widget_type=\"text-editor.default\">\n\t\t\t\t<div class=\"elementor-widget-container\">\n\t\t\t\t\t\t\t\t\t<p>Ya sea si usted es profesional en construcci\u00f3n, dise\u00f1ador, contratista o inspector, nuestras sesiones est\u00e1n enfocadas en brindarle las herramientas y el conocimiento pr\u00e1ctico que necesita para cumplir con las normas de eficiencia energ\u00e9tica.<\/p><p>Facilitamos el proceso con recursos claros, ejemplos pr\u00e1cticos y orientaci\u00f3n experta para que pueda implementar el c\u00f3digo de energ\u00eda con confianza en sus proyectos.<\/p><p>\u00a1Simplifique sus proyectos de construcci\u00f3n!<\/p>\t\t\t\t\t\t\t\t<\/div>\n\t\t\t\t<\/div>\n\t\t\t\t<\/div>\n\t\t\t\t\t<\/div>\n\t\t\t\t<\/div>\n\t\t<div class=\"elementor-element elementor-element-3424d26 e-flex e-con-boxed e-con e-parent\" data-id=\"3424d26\" data-element_type=\"container\" data-e-type=\"container\">\n\t\t\t\t\t<div class=\"e-con-inner\">\n\t\t<div class=\"elementor-element elementor-element-6a39653 e-con-full e-flex e-con e-child\" data-id=\"6a39653\" data-element_type=\"container\" data-e-type=\"container\">\n\t\t<div class=\"elementor-element elementor-element-5e24035 e-con-full e-flex e-con e-child\" data-id=\"5e24035\" data-element_type=\"container\" data-e-type=\"container\">\n\t\t<div class=\"elementor-element elementor-element-c189934 e-con-full e-flex e-con e-child\" data-id=\"c189934\" data-element_type=\"container\" data-e-type=\"container\">\n\t\t\t\t<div class=\"elementor-element elementor-element-ed888d8 elementor-widget elementor-widget-heading\" data-id=\"ed888d8\" data-element_type=\"widget\" data-e-type=\"widget\" data-widget_type=\"heading.default\">\n\t\t\t\t<div class=\"elementor-widget-container\">\n\t\t\t\t\t<h2 class=\"elementor-heading-title elementor-size-default\">Conexi\u00f3n a C\u00f3digos T\u00e9cnicos\n\n<\/h2>\t\t\t\t<\/div>\n\t\t\t\t<\/div>\n\t\t\t\t<div class=\"elementor-element elementor-element-b2fe915 elementor-widget elementor-widget-heading\" data-id=\"b2fe915\" data-element_type=\"widget\" data-e-type=\"widget\" data-widget_type=\"heading.default\">\n\t\t\t\t<div class=\"elementor-widget-container\">\n\t\t\t\t\t<h3 class=\"elementor-heading-title elementor-size-default\">\u00bfPreguntas sobre el T\u00edtulo 24?\n\n<\/h3>\t\t\t\t<\/div>\n\t\t\t\t<\/div>\n\t\t\t\t<div class=\"elementor-element elementor-element-d1542bd elementor-widget__width-initial elementor-widget-mobile__width-inherit elementor-widget elementor-widget-text-editor\" data-id=\"d1542bd\" data-element_type=\"widget\" data-e-type=\"widget\" data-widget_type=\"text-editor.default\">\n\t\t\t\t<div class=\"elementor-widget-container\">\n\t\t\t\t\t\t\t\t\t<p>Los entrenadores del C\u00f3digo Energ\u00e9tico son expertos locales que pueden ayudar a responder r\u00e1pidamente sus preguntas sobre el T\u00edtulo 24. Los entrenadores tienen d\u00e9cadas de experiencia en construcci\u00f3n ecol\u00f3gica y modernizaciones de eficiencia energ\u00e9tica. Pueden proporcionar asesoramiento para sus proyectos, ayudando a que sus planes y formularios sean aprobados la primera vez. Comun\u00edquese hoy mismo con nosotros para recibir ayuda en las pr\u00f3ximas 24 horas.<\/p>\t\t\t\t\t\t\t\t<\/div>\n\t\t\t\t<\/div>\n\t\t<div class=\"elementor-element elementor-element-fb576ff e-con-full e-flex e-con e-child\" data-id=\"fb576ff\" data-element_type=\"container\" data-e-type=\"container\">\n\t\t\t\t<div class=\"elementor-element elementor-element-a81321c elementor-icon-list--layout-inline elementor-list-item-link-inline ecc-card elementor-widget elementor-widget-icon-list\" data-id=\"a81321c\" data-element_type=\"widget\" data-e-type=\"widget\" data-widget_type=\"icon-list.default\">\n\t\t\t\t<div class=\"elementor-widget-container\">\n\t\t\t\t\t\t\t<ul class=\"elementor-icon-list-items elementor-inline-items\">\n\t\t\t\t\t\t\t<li class=\"elementor-icon-list-item elementor-inline-item\">\n\t\t\t\t\t\t\t\t\t\t\t<a href=\"\/es\/energy-code-coach\/\">\n\n\t\t\t\t\t\t\t\t\t\t\t\t<span class=\"elementor-icon-list-icon\">\n\t\t\t\t\t\t\t<svg xmlns=\"http:\/\/www.w3.org\/2000\/svg\" xmlns:xlink=\"http:\/\/www.w3.org\/1999\/xlink\" width=\"32.575\" height=\"36.118\" viewBox=\"0 0 32.575 36.118\"><defs><clipPath id=\"clip-path\"><rect id=\"Rectangle_516\" data-name=\"Rectangle 516\" width=\"32.575\" height=\"36.118\" fill=\"#31466d\"><\/rect><\/clipPath><\/defs><g id=\"Group_292\" data-name=\"Group 292\" transform=\"translate(0)\"><path id=\"Path_439\" data-name=\"Path 439\" d=\"M27.152,60.7v3.621h1.8v23.53H3.621V64.322h1.8V60.7H0V91.474H32.574V60.7Z\" transform=\"translate(0 -55.355)\" fill=\"#31466d\"><\/path><g id=\"Group_291\" data-name=\"Group 291\" transform=\"translate(0)\"><g id=\"Group_290\" data-name=\"Group 290\" clip-path=\"url(#clip-path)\"><path id=\"Path_440\" data-name=\"Path 440\" d=\"M117.188,3.535h-3.631a3.613,3.613,0,0,0-7.224,0H102.7V8.967h14.476V3.535Zm-7.243,1.9a1.811,1.811,0,1,1,1.811-1.811,1.809,1.809,0,0,1-1.811,1.811\" transform=\"translate(-93.658)\" fill=\"#31466d\"><\/path><rect id=\"Rectangle_514\" data-name=\"Rectangle 514\" width=\"18.098\" height=\"3.621\" transform=\"translate(7.233 12.589)\" fill=\"#31466d\"><\/rect><rect id=\"Rectangle_515\" data-name=\"Rectangle 515\" width=\"18.098\" height=\"3.621\" transform=\"translate(7.233 19.831)\" fill=\"#31466d\"><\/rect><\/g><\/g><\/g><\/svg>\t\t\t\t\t\t<\/span>\n\t\t\t\t\t\t\t\t\t\t<span class=\"elementor-icon-list-text\">Haga una pregunta<br>sobre el c\u00f3digo<\/span>\n\t\t\t\t\t\t\t\t\t\t\t<\/a>\n\t\t\t\t\t\t\t\t\t<\/li>\n\t\t\t\t\t\t<\/ul>\n\t\t\t\t\t\t<\/div>\n\t\t\t\t<\/div>\n\t\t\t\t<div class=\"elementor-element elementor-element-d359514 elementor-icon-list--layout-inline elementor-list-item-link-inline ecc-card elementor-widget elementor-widget-icon-list\" data-id=\"d359514\" data-element_type=\"widget\" data-e-type=\"widget\" data-widget_type=\"icon-list.default\">\n\t\t\t\t<div class=\"elementor-widget-container\">\n\t\t\t\t\t\t\t<ul class=\"elementor-icon-list-items elementor-inline-items\">\n\t\t\t\t\t\t\t<li class=\"elementor-icon-list-item elementor-inline-item\">\n\t\t\t\t\t\t\t\t\t\t\t<a href=\"tel:805-654-2139\" target=\"_blank\">\n\n\t\t\t\t\t\t\t\t\t\t\t\t<span class=\"elementor-icon-list-icon\">\n\t\t\t\t\t\t\t<svg xmlns=\"http:\/\/www.w3.org\/2000\/svg\" width=\"37\" height=\"37\" viewBox=\"0 0 37 37\" fill=\"none\"><g id=\"Group_294\" clip-path=\"url(#clip0_44_382)\"><g id=\"Clip path group\"><mask id=\"mask0_44_382\" style=\"mask-type:luminance\" maskUnits=\"userSpaceOnUse\" x=\"0\" y=\"0\" width=\"37\" height=\"37\"><g id=\"clip-path\"><path id=\"Rectangle 517\" d=\"M36.118 0H0V36.118H36.118V0Z\" fill=\"white\"><\/path><\/g><\/mask><g mask=\"url(#mask0_44_382)\"><g id=\"Group 293\"><path id=\"Path 441\" d=\"M24.358 20.381C24.2237 20.2258 24.0575 20.1013 23.8708 20.016C23.6841 19.9307 23.4813 19.8865 23.276 19.8865C23.0707 19.8865 22.8679 19.9307 22.6812 20.016C22.4945 20.1013 22.3283 20.2258 22.194 20.381C21.688 20.881 21.182 21.381 20.685 21.894C20.6397 21.9594 20.5704 22.004 20.4922 22.0183C20.414 22.0325 20.3334 22.0152 20.268 21.97C19.941 21.792 19.592 21.647 19.277 21.451C17.8357 20.5178 16.5574 19.3543 15.493 18.007C14.9392 17.3514 14.4826 16.6196 14.137 15.834C14.0995 15.7694 14.0865 15.6933 14.1004 15.6199C14.1144 15.5464 14.1544 15.4804 14.213 15.434C14.719 14.945 15.213 14.443 15.713 13.942C15.8761 13.8072 16.0074 13.638 16.0975 13.4466C16.1876 13.2551 16.2344 13.0461 16.2344 12.8345C16.2344 12.6229 16.1876 12.414 16.0975 12.2225C16.0074 12.0311 15.8761 11.8619 15.713 11.727C15.313 11.327 14.922 10.936 14.527 10.537C14.132 10.138 13.715 9.71604 13.302 9.31204C13.1668 9.15829 13.0003 9.03513 12.8138 8.95076C12.6272 8.86639 12.4248 8.82275 12.22 8.82275C12.0152 8.82275 11.8128 8.86639 11.6263 8.95076C11.4397 9.03513 11.2732 9.15829 11.138 9.31204C10.628 9.81204 10.138 10.328 9.62001 10.821C9.15775 11.2548 8.88052 11.8501 8.84601 12.483C8.80171 13.5211 8.98747 14.5562 9.39 15.514C10.1561 17.505 11.2622 19.3477 12.659 20.96C14.4957 23.1624 16.7795 24.9492 19.359 26.202C20.5109 26.8076 21.773 27.1749 23.07 27.282C23.5018 27.3311 23.939 27.2759 24.3451 27.1213C24.7512 26.9666 25.1143 26.7169 25.404 26.393C25.838 25.908 26.327 25.466 26.786 25.003C26.9457 24.8679 27.0741 24.6998 27.1625 24.5103C27.2509 24.3207 27.2971 24.1143 27.2979 23.9051C27.2988 23.696 27.2543 23.4891 27.1675 23.2989C27.0806 23.1086 26.9535 22.9394 26.795 22.803C25.9837 21.993 25.1713 21.1857 24.358 20.381Z\" fill=\"#31466D\"><\/path><path id=\"Path 442\" d=\"M18.0601 1.81166e-05C13.8766 -0.00590185 9.82053 1.4392 6.58325 4.08902C3.34596 6.73883 1.12784 10.4293 0.306942 14.5315C-0.513954 18.6336 0.113195 22.8935 2.08149 26.585C4.04978 30.2765 7.23739 33.1712 11.101 34.7756C14.9646 36.38 19.265 36.5949 23.2693 35.3835C27.2736 34.1722 30.7338 31.6097 33.0602 28.1327C35.3867 24.6557 36.4353 20.4796 36.0273 16.316C35.6194 12.1525 33.7801 8.2593 30.8231 5.30002C27.4396 1.91112 22.8488 0.00471067 18.0601 1.81166e-05ZM18.0601 32.628C14.6857 32.6307 11.4148 31.4631 8.80495 29.3242C6.19507 27.1853 4.40769 24.2075 3.74745 20.8984C3.08721 17.5892 3.59497 14.1535 5.1842 11.1769C6.77343 8.20016 9.34576 5.86672 12.4628 4.57422C15.5798 3.28171 19.0486 3.11016 22.2779 4.08878C25.5072 5.0674 28.2973 7.13564 30.1725 9.94098C32.0476 12.7463 32.892 16.1152 32.5615 19.4733C32.231 22.8314 30.7462 25.971 28.3601 28.357C25.6288 31.09 21.9239 32.6263 18.0601 32.628Z\" fill=\"#31466D\"><\/path><\/g><\/g><\/g><\/g><defs><clipPath id=\"clip0_44_382\"><rect width=\"36.118\" height=\"36.118\" fill=\"white\"><\/rect><\/clipPath><\/defs><\/svg>\t\t\t\t\t\t<\/span>\n\t\t\t\t\t\t\t\t\t\t<span class=\"elementor-icon-list-text\">Ll\u00e1menos<br>(805) 654-2139, presione el #2<\/span>\n\t\t\t\t\t\t\t\t\t\t\t<\/a>\n\t\t\t\t\t\t\t\t\t<\/li>\n\t\t\t\t\t\t<\/ul>\n\t\t\t\t\t\t<\/div>\n\t\t\t\t<\/div>\n\t\t\t\t<\/div>\n\t\t\t\t<\/div>\n\t\t\t\t<\/div>\n\t\t\t\t<\/div>\n\t\t\t\t\t<\/div>\n\t\t\t\t<\/div>\n\t\t\t\t<\/div>\n\t\t","protected":false},"excerpt":{"rendered":"<p>Energy Code Connect facilita a los profesionales de la construcci\u00f3n el uso, el cumplimiento y la aplicaci\u00f3n del complejo y siempre cambiante c\u00f3digo energ\u00e9tico de California.<\/p>\n","protected":false},"author":2,"featured_media":13137,"parent":0,"menu_order":0,"comment_status":"closed","ping_status":"closed","template":"","meta":{"_acf_changed":false,"footnotes":""},"categories":[444],"tags":[],"class_list":["post-15366","page","type-page","status-publish","has-post-thumbnail","hentry","category-spanish-footer"],"acf":[],"yoast_head":"<!-- This site is optimized with the Yoast SEO plugin v27.3 - https:\/\/yoast.com\/product\/yoast-seo-wordpress\/ -->\n<title>Conexi\u00f3n a C\u00f3digos T\u00e9cnicos - 3C-REN<\/title>\n<meta name=\"robots\" content=\"index, follow, max-snippet:-1, max-image-preview:large, max-video-preview:-1\" \/>\n<link rel=\"canonical\" href=\"http:\/\/www.3c-ren.org\/energy-code-connect\/\" \/>\n<meta property=\"og:locale\" content=\"es_ES\" \/>\n<meta property=\"og:type\" content=\"article\" \/>\n<meta property=\"og:title\" content=\"Conexi\u00f3n a C\u00f3digos T\u00e9cnicos - 3C-REN\" \/>\n<meta property=\"og:description\" content=\"Energy Code Connect facilita a los profesionales de la construcci\u00f3n el uso, el cumplimiento y la aplicaci\u00f3n del complejo y siempre cambiante c\u00f3digo energ\u00e9tico de California.\" \/>\n<meta property=\"og:url\" content=\"http:\/\/www.3c-ren.org\/energy-code-connect\/\" \/>\n<meta property=\"og:site_name\" content=\"3C-REN\" \/>\n<meta property=\"article:modified_time\" content=\"2025-05-20T15:45:52+00:00\" \/>\n<meta property=\"og:image\" content=\"http:\/\/www.3c-ren.org\/wp-content\/uploads\/2024\/08\/ECC-hero.jpg\" \/>\n\t<meta property=\"og:image:width\" content=\"1240\" \/>\n\t<meta property=\"og:image:height\" content=\"250\" \/>\n\t<meta property=\"og:image:type\" content=\"image\/jpeg\" \/>\n<meta name=\"twitter:card\" content=\"summary_large_image\" \/>\n<meta name=\"twitter:label1\" content=\"Est. reading time\" \/>\n\t<meta name=\"twitter:data1\" content=\"1 minute\" \/>\n<script type=\"application\/ld+json\" class=\"yoast-schema-graph\">{\"@context\":\"https:\\\/\\\/schema.org\",\"@graph\":[{\"@type\":\"WebPage\",\"@id\":\"http:\\\/\\\/www.3c-ren.org\\\/energy-code-connect\\\/\",\"url\":\"http:\\\/\\\/www.3c-ren.org\\\/energy-code-connect\\\/\",\"name\":\"Conexi\u00f3n a C\u00f3digos T\u00e9cnicos - 3C-REN\",\"isPartOf\":{\"@id\":\"https:\\\/\\\/www.3c-ren.org\\\/#website\"},\"primaryImageOfPage\":{\"@id\":\"http:\\\/\\\/www.3c-ren.org\\\/energy-code-connect\\\/#primaryimage\"},\"image\":{\"@id\":\"http:\\\/\\\/www.3c-ren.org\\\/energy-code-connect\\\/#primaryimage\"},\"thumbnailUrl\":\"https:\\\/\\\/www.3c-ren.org\\\/wp-content\\\/uploads\\\/2024\\\/08\\\/ECC-hero.jpg\",\"datePublished\":\"2024-08-02T03:01:13+00:00\",\"dateModified\":\"2025-05-20T15:45:52+00:00\",\"breadcrumb\":{\"@id\":\"http:\\\/\\\/www.3c-ren.org\\\/energy-code-connect\\\/#breadcrumb\"},\"inLanguage\":\"es-ES\",\"potentialAction\":[{\"@type\":\"ReadAction\",\"target\":[\"http:\\\/\\\/www.3c-ren.org\\\/energy-code-connect\\\/\"]}]},{\"@type\":\"ImageObject\",\"inLanguage\":\"es-ES\",\"@id\":\"http:\\\/\\\/www.3c-ren.org\\\/energy-code-connect\\\/#primaryimage\",\"url\":\"https:\\\/\\\/www.3c-ren.org\\\/wp-content\\\/uploads\\\/2024\\\/08\\\/ECC-hero.jpg\",\"contentUrl\":\"https:\\\/\\\/www.3c-ren.org\\\/wp-content\\\/uploads\\\/2024\\\/08\\\/ECC-hero.jpg\",\"width\":1240,\"height\":250},{\"@type\":\"BreadcrumbList\",\"@id\":\"http:\\\/\\\/www.3c-ren.org\\\/energy-code-connect\\\/#breadcrumb\",\"itemListElement\":[{\"@type\":\"ListItem\",\"position\":1,\"name\":\"Home\",\"item\":\"https:\\\/\\\/www.3c-ren.org\\\/es\\\/\"},{\"@type\":\"ListItem\",\"position\":2,\"name\":\"Conexi\u00f3n a C\u00f3digos T\u00e9cnicos\"}]},{\"@type\":\"WebSite\",\"@id\":\"https:\\\/\\\/www.3c-ren.org\\\/#website\",\"url\":\"https:\\\/\\\/www.3c-ren.org\\\/\",\"name\":\"3C-REN\",\"description\":\"\",\"publisher\":{\"@id\":\"https:\\\/\\\/www.3c-ren.org\\\/#organization\"},\"potentialAction\":[{\"@type\":\"SearchAction\",\"target\":{\"@type\":\"EntryPoint\",\"urlTemplate\":\"https:\\\/\\\/www.3c-ren.org\\\/?s={search_term_string}\"},\"query-input\":{\"@type\":\"PropertyValueSpecification\",\"valueRequired\":true,\"valueName\":\"search_term_string\"}}],\"inLanguage\":\"es-ES\"},{\"@type\":\"Organization\",\"@id\":\"https:\\\/\\\/www.3c-ren.org\\\/#organization\",\"name\":\"3C-REN\",\"url\":\"https:\\\/\\\/www.3c-ren.org\\\/\",\"logo\":{\"@type\":\"ImageObject\",\"inLanguage\":\"es-ES\",\"@id\":\"https:\\\/\\\/www.3c-ren.org\\\/#\\\/schema\\\/logo\\\/image\\\/\",\"url\":\"https:\\\/\\\/www.3c-ren.org\\\/wp-content\\\/uploads\\\/2024\\\/05\\\/3C-REN_logo_header_318x72.jpg\",\"contentUrl\":\"https:\\\/\\\/www.3c-ren.org\\\/wp-content\\\/uploads\\\/2024\\\/05\\\/3C-REN_logo_header_318x72.jpg\",\"width\":318,\"height\":72,\"caption\":\"3C-REN\"},\"image\":{\"@id\":\"https:\\\/\\\/www.3c-ren.org\\\/#\\\/schema\\\/logo\\\/image\\\/\"},\"sameAs\":[\"https:\\\/\\\/www.youtube.com\\\/@tricountyren\",\"https:\\\/\\\/www.linkedin.com\\\/company\\\/tri-county-regional-energy-network\"]}]}<\/script>\n<!-- \/ Yoast SEO plugin. -->","yoast_head_json":{"title":"Conexi\u00f3n a C\u00f3digos T\u00e9cnicos - 3C-REN","robots":{"index":"index","follow":"follow","max-snippet":"max-snippet:-1","max-image-preview":"max-image-preview:large","max-video-preview":"max-video-preview:-1"},"canonical":"http:\/\/www.3c-ren.org\/energy-code-connect\/","og_locale":"es_ES","og_type":"article","og_title":"Conexi\u00f3n a C\u00f3digos T\u00e9cnicos - 3C-REN","og_description":"Energy Code Connect facilita a los profesionales de la construcci\u00f3n el uso, el cumplimiento y la aplicaci\u00f3n del complejo y siempre cambiante c\u00f3digo energ\u00e9tico de California.","og_url":"http:\/\/www.3c-ren.org\/energy-code-connect\/","og_site_name":"3C-REN","article_modified_time":"2025-05-20T15:45:52+00:00","og_image":[{"width":1240,"height":250,"url":"http:\/\/www.3c-ren.org\/wp-content\/uploads\/2024\/08\/ECC-hero.jpg","type":"image\/jpeg"}],"twitter_card":"summary_large_image","twitter_misc":{"Est. reading time":"1 minute"},"schema":{"@context":"https:\/\/schema.org","@graph":[{"@type":"WebPage","@id":"http:\/\/www.3c-ren.org\/energy-code-connect\/","url":"http:\/\/www.3c-ren.org\/energy-code-connect\/","name":"Conexi\u00f3n a C\u00f3digos T\u00e9cnicos - 3C-REN","isPartOf":{"@id":"https:\/\/www.3c-ren.org\/#website"},"primaryImageOfPage":{"@id":"http:\/\/www.3c-ren.org\/energy-code-connect\/#primaryimage"},"image":{"@id":"http:\/\/www.3c-ren.org\/energy-code-connect\/#primaryimage"},"thumbnailUrl":"https:\/\/www.3c-ren.org\/wp-content\/uploads\/2024\/08\/ECC-hero.jpg","datePublished":"2024-08-02T03:01:13+00:00","dateModified":"2025-05-20T15:45:52+00:00","breadcrumb":{"@id":"http:\/\/www.3c-ren.org\/energy-code-connect\/#breadcrumb"},"inLanguage":"es-ES","potentialAction":[{"@type":"ReadAction","target":["http:\/\/www.3c-ren.org\/energy-code-connect\/"]}]},{"@type":"ImageObject","inLanguage":"es-ES","@id":"http:\/\/www.3c-ren.org\/energy-code-connect\/#primaryimage","url":"https:\/\/www.3c-ren.org\/wp-content\/uploads\/2024\/08\/ECC-hero.jpg","contentUrl":"https:\/\/www.3c-ren.org\/wp-content\/uploads\/2024\/08\/ECC-hero.jpg","width":1240,"height":250},{"@type":"BreadcrumbList","@id":"http:\/\/www.3c-ren.org\/energy-code-connect\/#breadcrumb","itemListElement":[{"@type":"ListItem","position":1,"name":"Home","item":"https:\/\/www.3c-ren.org\/es\/"},{"@type":"ListItem","position":2,"name":"Conexi\u00f3n a C\u00f3digos T\u00e9cnicos"}]},{"@type":"WebSite","@id":"https:\/\/www.3c-ren.org\/#website","url":"https:\/\/www.3c-ren.org\/","name":"3C-REN","description":"","publisher":{"@id":"https:\/\/www.3c-ren.org\/#organization"},"potentialAction":[{"@type":"SearchAction","target":{"@type":"EntryPoint","urlTemplate":"https:\/\/www.3c-ren.org\/?s={search_term_string}"},"query-input":{"@type":"PropertyValueSpecification","valueRequired":true,"valueName":"search_term_string"}}],"inLanguage":"es-ES"},{"@type":"Organization","@id":"https:\/\/www.3c-ren.org\/#organization","name":"3C-REN","url":"https:\/\/www.3c-ren.org\/","logo":{"@type":"ImageObject","inLanguage":"es-ES","@id":"https:\/\/www.3c-ren.org\/#\/schema\/logo\/image\/","url":"https:\/\/www.3c-ren.org\/wp-content\/uploads\/2024\/05\/3C-REN_logo_header_318x72.jpg","contentUrl":"https:\/\/www.3c-ren.org\/wp-content\/uploads\/2024\/05\/3C-REN_logo_header_318x72.jpg","width":318,"height":72,"caption":"3C-REN"},"image":{"@id":"https:\/\/www.3c-ren.org\/#\/schema\/logo\/image\/"},"sameAs":["https:\/\/www.youtube.com\/@tricountyren","https:\/\/www.linkedin.com\/company\/tri-county-regional-energy-network"]}]}},"_links":{"self":[{"href":"https:\/\/www.3c-ren.org\/es\/wp-json\/wp\/v2\/pages\/15366","targetHints":{"allow":["GET"]}}],"collection":[{"href":"https:\/\/www.3c-ren.org\/es\/wp-json\/wp\/v2\/pages"}],"about":[{"href":"https:\/\/www.3c-ren.org\/es\/wp-json\/wp\/v2\/types\/page"}],"author":[{"embeddable":true,"href":"https:\/\/www.3c-ren.org\/es\/wp-json\/wp\/v2\/users\/2"}],"replies":[{"embeddable":true,"href":"https:\/\/www.3c-ren.org\/es\/wp-json\/wp\/v2\/comments?post=15366"}],"version-history":[{"count":4,"href":"https:\/\/www.3c-ren.org\/es\/wp-json\/wp\/v2\/pages\/15366\/revisions"}],"predecessor-version":[{"id":16297,"href":"https:\/\/www.3c-ren.org\/es\/wp-json\/wp\/v2\/pages\/15366\/revisions\/16297"}],"wp:featuredmedia":[{"embeddable":true,"href":"https:\/\/www.3c-ren.org\/es\/wp-json\/wp\/v2\/media\/13137"}],"wp:attachment":[{"href":"https:\/\/www.3c-ren.org\/es\/wp-json\/wp\/v2\/media?parent=15366"}],"wp:term":[{"taxonomy":"category","embeddable":true,"href":"https:\/\/www.3c-ren.org\/es\/wp-json\/wp\/v2\/categories?post=15366"},{"taxonomy":"post_tag","embeddable":true,"href":"https:\/\/www.3c-ren.org\/es\/wp-json\/wp\/v2\/tags?post=15366"}],"curies":[{"name":"wp","href":"https:\/\/api.w.org\/{rel}","templated":true}]}}