{"id":15313,"date":"2024-07-30T16:09:29","date_gmt":"2024-07-30T23:09:29","guid":{"rendered":"https:\/\/www.3c-ren.org\/renovaciones-para-propiedades-multifamiliares\/"},"modified":"2025-05-20T08:09:19","modified_gmt":"2025-05-20T15:09:19","slug":"renovaciones-para-propiedades-multifamiliares","status":"publish","type":"page","link":"https:\/\/www.3c-ren.org\/es\/renovaciones-para-propiedades-multifamiliares\/","title":{"rendered":"Renovaciones Para Propiedades Multifamiliares"},"content":{"rendered":"\t\t<div data-elementor-type=\"wp-page\" data-elementor-id=\"15313\" class=\"elementor elementor-15313 elementor-13097\" data-elementor-post-type=\"page\">\n\t\t\t\t<div class=\"elementor-element elementor-element-4d7dbdf1 e-flex e-con-boxed e-con e-parent\" data-id=\"4d7dbdf1\" data-element_type=\"container\" data-e-type=\"container\" data-settings=\"{&quot;background_background&quot;:&quot;classic&quot;}\">\n\t\t\t\t\t<div class=\"e-con-inner\">\n\t\t<div class=\"elementor-element elementor-element-1bd1014 e-con-full e-flex e-con e-child\" data-id=\"1bd1014\" data-element_type=\"container\" data-e-type=\"container\">\n\t\t\t\t<div class=\"elementor-element elementor-element-4eee0b83 elementor-widget-divider--view-line elementor-widget elementor-widget-divider\" data-id=\"4eee0b83\" data-element_type=\"widget\" data-e-type=\"widget\" data-widget_type=\"divider.default\">\n\t\t\t\t<div class=\"elementor-widget-container\">\n\t\t\t\t\t\t\t<div class=\"elementor-divider\">\n\t\t\t<span class=\"elementor-divider-separator\">\n\t\t\t\t\t\t<\/span>\n\t\t<\/div>\n\t\t\t\t\t\t<\/div>\n\t\t\t\t<\/div>\n\t\t\t\t<\/div>\n\t\t\t\t\t<\/div>\n\t\t\t\t<\/div>\n\t\t<div class=\"elementor-element elementor-element-4901065 e-con-full e-flex e-con e-parent\" data-id=\"4901065\" data-element_type=\"container\" data-e-type=\"container\">\n\t\t<div class=\"elementor-element elementor-element-d5b85d0 e-flex e-con-boxed e-con e-child\" data-id=\"d5b85d0\" data-element_type=\"container\" data-e-type=\"container\" data-settings=\"{&quot;background_background&quot;:&quot;classic&quot;}\">\n\t\t\t\t\t<div class=\"e-con-inner\">\n\t\t<div class=\"elementor-element elementor-element-bf3eb94 e-con-full e-flex e-con e-child\" data-id=\"bf3eb94\" data-element_type=\"container\" data-e-type=\"container\">\n\t\t<div class=\"elementor-element elementor-element-33ac42b e-con-full e-flex e-con e-child\" data-id=\"33ac42b\" data-element_type=\"container\" data-e-type=\"container\">\n\t\t\t\t<div class=\"elementor-element elementor-element-6b82b1c elementor-widget elementor-widget-heading\" data-id=\"6b82b1c\" data-element_type=\"widget\" data-e-type=\"widget\" data-widget_type=\"heading.default\">\n\t\t\t\t<div class=\"elementor-widget-container\">\n\t\t\t\t\t<h2 class=\"elementor-heading-title elementor-size-default\">\u00a1Ahorro de energ\u00eda el\u00e9ctrica para favorecer su edificio y su rentabilidad!<\/h2>\t\t\t\t<\/div>\n\t\t\t\t<\/div>\n\t\t\t\t<div class=\"elementor-element elementor-element-33f74ad bullet-style blue-bullet elementor-widget elementor-widget-text-editor\" data-id=\"33f74ad\" data-element_type=\"widget\" data-e-type=\"widget\" data-widget_type=\"text-editor.default\">\n\t\t\t\t<div class=\"elementor-widget-container\">\n\t\t\t\t\t\t\t\t\t<p>El programa de ahorro de energ\u00eda para hogares multifamiliares de 3C-REN ayuda a los propietarios a ahorrar energ\u00eda y dinero con proyectos eficientes energ\u00e9ticos a un bajo costo.<\/p><ul><li dir=\"ltr\"><p dir=\"ltr\"><strong>Evaluaci\u00f3n energ\u00e9tica sin costo par<\/strong>a identificar en donde puede ahorrar m\u00e1s<\/p><\/li><li dir=\"ltr\"><p dir=\"ltr\">Hasta\u00a0<strong>$1,500 de reembolso<\/strong>\u00a0por cada calentador para agua con compresor el\u00e9ctrico que sea de alta eficiencia<\/p><\/li><li dir=\"ltr\"><p dir=\"ltr\">Reembolso de hasta\u00a0<strong>$1,000 por cada apartamento\u00a0<\/strong>en un edificio<\/p><\/li><\/ul>\t\t\t\t\t\t\t\t<\/div>\n\t\t\t\t<\/div>\n\t\t\t\t<\/div>\n\t\t\t\t<\/div>\n\t\t\t\t\t<\/div>\n\t\t\t\t<\/div>\n\t\t<div class=\"elementor-element elementor-element-e6899ca e-flex e-con-boxed e-con e-child\" data-id=\"e6899ca\" data-element_type=\"container\" data-e-type=\"container\">\n\t\t\t\t\t<div class=\"e-con-inner\">\n\t\t<div class=\"elementor-element elementor-element-794c8a8 e-con-full e-flex e-con e-child\" data-id=\"794c8a8\" data-element_type=\"container\" data-e-type=\"container\">\n\t\t<div class=\"elementor-element elementor-element-59fac98 e-con-full e-flex e-con e-child\" data-id=\"59fac98\" data-element_type=\"container\" data-e-type=\"container\">\n\t\t\t\t<div class=\"elementor-element elementor-element-32d3062 elementor-widget elementor-widget-heading\" data-id=\"32d3062\" data-element_type=\"widget\" data-e-type=\"widget\" data-widget_type=\"heading.default\">\n\t\t\t\t<div class=\"elementor-widget-container\">\n\t\t\t\t\t<h2 class=\"elementor-heading-title elementor-size-default\">REQUISITOS DE ELEGIBILIDAD\n\n<\/h2>\t\t\t\t<\/div>\n\t\t\t\t<\/div>\n\t\t\t\t<div class=\"elementor-element elementor-element-93b3d3f elementor-widget elementor-widget-text-editor\" data-id=\"93b3d3f\" data-element_type=\"widget\" data-e-type=\"widget\" data-widget_type=\"text-editor.default\">\n\t\t\t\t<div class=\"elementor-widget-container\">\n\t\t\t\t\t\t\t\t\t<p>Para participar en el programa de ahorro de energ\u00eda para hogares multifamiliares de 3C-REN, las propiedades deben cumplir con los siguientes requisitos:<\/p>\t\t\t\t\t\t\t\t<\/div>\n\t\t\t\t<\/div>\n\t\t\t\t<div class=\"elementor-element elementor-element-473213c elementor-widget__width-inherit bullet-style blue-bullet elementor-widget elementor-widget-text-editor\" data-id=\"473213c\" data-element_type=\"widget\" data-e-type=\"widget\" data-widget_type=\"text-editor.default\">\n\t\t\t\t<div class=\"elementor-widget-container\">\n\t\t\t\t\t\t\t\t\t<ul><li>Edificios multifamiliares existentes con 5 o m\u00e1s unidades<\/li><li>Estar ubicados en los condados de San Luis Obispo, Santa Barbara o Ventura<\/li><li>Recibir servicios de electricidad o gas de PG&amp;E, SCE o SoCalGas*<\/li><\/ul><p>*Esto incluye a clientes de Central Coast Community Energy, Clean Power Alliance y Santa Barbara Clean Energy<\/p><div class=\"ZKRKU\"><div class=\"fV3Jt\"><div class=\"GOJZx\"><div class=\"agPPc U4hHe hWX7X fs-mask\"><p>Actualmente este programa se ofrece solo en ingl\u00e9s, pero nuestro personal biling\u00fce est\u00e1 disponible para ayudarle. Para m\u00e1s informaci\u00f3n cont\u00e1ctenos en\u00a0<a href=\"mailto:info@3c-ren.org\" target=\"_blank\" rel=\"noopener\">info@3c-ren.org<\/a>. Para conocer m\u00e1s detalles sobre el programa, visite la p\u00e1gina en ingl\u00e9s.<\/p><\/div><\/div><\/div><\/div>\t\t\t\t\t\t\t\t<\/div>\n\t\t\t\t<\/div>\n\t\t\t\t<\/div>\n\t\t\t\t<\/div>\n\t\t\t\t\t<\/div>\n\t\t\t\t<\/div>\n\t\t\t\t<\/div>\n\t\t\t\t<\/div>\n\t\t","protected":false},"excerpt":{"rendered":"<p>\u00a1Ahorro de energ\u00eda el\u00e9ctrica para favorecer su edificio y su rentabilidad! El programa de ahorro de energ\u00eda para hogares multifamiliares de 3C-REN ayuda a los propietarios a ahorrar energ\u00eda y [&hellip;]<\/p>\n","protected":false},"author":2,"featured_media":0,"parent":0,"menu_order":0,"comment_status":"closed","ping_status":"closed","template":"","meta":{"_acf_changed":false,"footnotes":""},"categories":[444],"tags":[],"class_list":["post-15313","page","type-page","status-publish","hentry","category-spanish-footer"],"acf":[],"yoast_head":"<!-- This site is optimized with the Yoast SEO plugin v27.4 - https:\/\/yoast.com\/product\/yoast-seo-wordpress\/ -->\n<title>Renovaciones Para Propiedades Multifamiliares - 3C-REN<\/title>\n<meta name=\"robots\" content=\"index, follow, max-snippet:-1, max-image-preview:large, max-video-preview:-1\" \/>\n<link rel=\"canonical\" href=\"http:\/\/www.3c-ren.org\/multifamily\/\" \/>\n<meta property=\"og:locale\" content=\"es_ES\" \/>\n<meta property=\"og:type\" content=\"article\" \/>\n<meta property=\"og:title\" content=\"Renovaciones Para Propiedades Multifamiliares - 3C-REN\" \/>\n<meta property=\"og:description\" content=\"\u00a1Ahorro de energ\u00eda el\u00e9ctrica para favorecer su edificio y su rentabilidad! El programa de ahorro de energ\u00eda para hogares multifamiliares de 3C-REN ayuda a los propietarios a ahorrar energ\u00eda y [&hellip;]\" \/>\n<meta property=\"og:url\" content=\"http:\/\/www.3c-ren.org\/multifamily\/\" \/>\n<meta property=\"og:site_name\" content=\"3C-REN\" \/>\n<meta property=\"article:modified_time\" content=\"2025-05-20T15:09:19+00:00\" \/>\n<meta name=\"twitter:card\" content=\"summary_large_image\" \/>\n<meta name=\"twitter:label1\" content=\"Est. reading time\" \/>\n\t<meta name=\"twitter:data1\" content=\"1 minute\" \/>\n<script type=\"application\/ld+json\" class=\"yoast-schema-graph\">{\"@context\":\"https:\\\/\\\/schema.org\",\"@graph\":[{\"@type\":\"WebPage\",\"@id\":\"http:\\\/\\\/www.3c-ren.org\\\/multifamily\\\/\",\"url\":\"http:\\\/\\\/www.3c-ren.org\\\/multifamily\\\/\",\"name\":\"Renovaciones Para Propiedades Multifamiliares - 3C-REN\",\"isPartOf\":{\"@id\":\"https:\\\/\\\/www.3c-ren.org\\\/#website\"},\"datePublished\":\"2024-07-30T23:09:29+00:00\",\"dateModified\":\"2025-05-20T15:09:19+00:00\",\"breadcrumb\":{\"@id\":\"http:\\\/\\\/www.3c-ren.org\\\/multifamily\\\/#breadcrumb\"},\"inLanguage\":\"es-ES\",\"potentialAction\":[{\"@type\":\"ReadAction\",\"target\":[\"http:\\\/\\\/www.3c-ren.org\\\/multifamily\\\/\"]}]},{\"@type\":\"BreadcrumbList\",\"@id\":\"http:\\\/\\\/www.3c-ren.org\\\/multifamily\\\/#breadcrumb\",\"itemListElement\":[{\"@type\":\"ListItem\",\"position\":1,\"name\":\"Home\",\"item\":\"https:\\\/\\\/www.3c-ren.org\\\/es\\\/\"},{\"@type\":\"ListItem\",\"position\":2,\"name\":\"Renovaciones Para Propiedades Multifamiliares\"}]},{\"@type\":\"WebSite\",\"@id\":\"https:\\\/\\\/www.3c-ren.org\\\/#website\",\"url\":\"https:\\\/\\\/www.3c-ren.org\\\/\",\"name\":\"3C-REN\",\"description\":\"\",\"publisher\":{\"@id\":\"https:\\\/\\\/www.3c-ren.org\\\/#organization\"},\"potentialAction\":[{\"@type\":\"SearchAction\",\"target\":{\"@type\":\"EntryPoint\",\"urlTemplate\":\"https:\\\/\\\/www.3c-ren.org\\\/?s={search_term_string}\"},\"query-input\":{\"@type\":\"PropertyValueSpecification\",\"valueRequired\":true,\"valueName\":\"search_term_string\"}}],\"inLanguage\":\"es-ES\"},{\"@type\":\"Organization\",\"@id\":\"https:\\\/\\\/www.3c-ren.org\\\/#organization\",\"name\":\"3C-REN\",\"url\":\"https:\\\/\\\/www.3c-ren.org\\\/\",\"logo\":{\"@type\":\"ImageObject\",\"inLanguage\":\"es-ES\",\"@id\":\"https:\\\/\\\/www.3c-ren.org\\\/#\\\/schema\\\/logo\\\/image\\\/\",\"url\":\"https:\\\/\\\/www.3c-ren.org\\\/wp-content\\\/uploads\\\/2024\\\/05\\\/3C-REN_logo_header_318x72.jpg\",\"contentUrl\":\"https:\\\/\\\/www.3c-ren.org\\\/wp-content\\\/uploads\\\/2024\\\/05\\\/3C-REN_logo_header_318x72.jpg\",\"width\":318,\"height\":72,\"caption\":\"3C-REN\"},\"image\":{\"@id\":\"https:\\\/\\\/www.3c-ren.org\\\/#\\\/schema\\\/logo\\\/image\\\/\"},\"sameAs\":[\"https:\\\/\\\/www.youtube.com\\\/@tricountyren\",\"https:\\\/\\\/www.linkedin.com\\\/company\\\/tri-county-regional-energy-network\"]}]}<\/script>\n<!-- \/ Yoast SEO plugin. -->","yoast_head_json":{"title":"Renovaciones Para Propiedades Multifamiliares - 3C-REN","robots":{"index":"index","follow":"follow","max-snippet":"max-snippet:-1","max-image-preview":"max-image-preview:large","max-video-preview":"max-video-preview:-1"},"canonical":"http:\/\/www.3c-ren.org\/multifamily\/","og_locale":"es_ES","og_type":"article","og_title":"Renovaciones Para Propiedades Multifamiliares - 3C-REN","og_description":"\u00a1Ahorro de energ\u00eda el\u00e9ctrica para favorecer su edificio y su rentabilidad! El programa de ahorro de energ\u00eda para hogares multifamiliares de 3C-REN ayuda a los propietarios a ahorrar energ\u00eda y [&hellip;]","og_url":"http:\/\/www.3c-ren.org\/multifamily\/","og_site_name":"3C-REN","article_modified_time":"2025-05-20T15:09:19+00:00","twitter_card":"summary_large_image","twitter_misc":{"Est. reading time":"1 minute"},"schema":{"@context":"https:\/\/schema.org","@graph":[{"@type":"WebPage","@id":"http:\/\/www.3c-ren.org\/multifamily\/","url":"http:\/\/www.3c-ren.org\/multifamily\/","name":"Renovaciones Para Propiedades Multifamiliares - 3C-REN","isPartOf":{"@id":"https:\/\/www.3c-ren.org\/#website"},"datePublished":"2024-07-30T23:09:29+00:00","dateModified":"2025-05-20T15:09:19+00:00","breadcrumb":{"@id":"http:\/\/www.3c-ren.org\/multifamily\/#breadcrumb"},"inLanguage":"es-ES","potentialAction":[{"@type":"ReadAction","target":["http:\/\/www.3c-ren.org\/multifamily\/"]}]},{"@type":"BreadcrumbList","@id":"http:\/\/www.3c-ren.org\/multifamily\/#breadcrumb","itemListElement":[{"@type":"ListItem","position":1,"name":"Home","item":"https:\/\/www.3c-ren.org\/es\/"},{"@type":"ListItem","position":2,"name":"Renovaciones Para Propiedades Multifamiliares"}]},{"@type":"WebSite","@id":"https:\/\/www.3c-ren.org\/#website","url":"https:\/\/www.3c-ren.org\/","name":"3C-REN","description":"","publisher":{"@id":"https:\/\/www.3c-ren.org\/#organization"},"potentialAction":[{"@type":"SearchAction","target":{"@type":"EntryPoint","urlTemplate":"https:\/\/www.3c-ren.org\/?s={search_term_string}"},"query-input":{"@type":"PropertyValueSpecification","valueRequired":true,"valueName":"search_term_string"}}],"inLanguage":"es-ES"},{"@type":"Organization","@id":"https:\/\/www.3c-ren.org\/#organization","name":"3C-REN","url":"https:\/\/www.3c-ren.org\/","logo":{"@type":"ImageObject","inLanguage":"es-ES","@id":"https:\/\/www.3c-ren.org\/#\/schema\/logo\/image\/","url":"https:\/\/www.3c-ren.org\/wp-content\/uploads\/2024\/05\/3C-REN_logo_header_318x72.jpg","contentUrl":"https:\/\/www.3c-ren.org\/wp-content\/uploads\/2024\/05\/3C-REN_logo_header_318x72.jpg","width":318,"height":72,"caption":"3C-REN"},"image":{"@id":"https:\/\/www.3c-ren.org\/#\/schema\/logo\/image\/"},"sameAs":["https:\/\/www.youtube.com\/@tricountyren","https:\/\/www.linkedin.com\/company\/tri-county-regional-energy-network"]}]}},"_links":{"self":[{"href":"https:\/\/www.3c-ren.org\/es\/wp-json\/wp\/v2\/pages\/15313","targetHints":{"allow":["GET"]}}],"collection":[{"href":"https:\/\/www.3c-ren.org\/es\/wp-json\/wp\/v2\/pages"}],"about":[{"href":"https:\/\/www.3c-ren.org\/es\/wp-json\/wp\/v2\/types\/page"}],"author":[{"embeddable":true,"href":"https:\/\/www.3c-ren.org\/es\/wp-json\/wp\/v2\/users\/2"}],"replies":[{"embeddable":true,"href":"https:\/\/www.3c-ren.org\/es\/wp-json\/wp\/v2\/comments?post=15313"}],"version-history":[{"count":1,"href":"https:\/\/www.3c-ren.org\/es\/wp-json\/wp\/v2\/pages\/15313\/revisions"}],"predecessor-version":[{"id":16275,"href":"https:\/\/www.3c-ren.org\/es\/wp-json\/wp\/v2\/pages\/15313\/revisions\/16275"}],"wp:attachment":[{"href":"https:\/\/www.3c-ren.org\/es\/wp-json\/wp\/v2\/media?parent=15313"}],"wp:term":[{"taxonomy":"category","embeddable":true,"href":"https:\/\/www.3c-ren.org\/es\/wp-json\/wp\/v2\/categories?post=15313"},{"taxonomy":"post_tag","embeddable":true,"href":"https:\/\/www.3c-ren.org\/es\/wp-json\/wp\/v2\/tags?post=15313"}],"curies":[{"name":"wp","href":"https:\/\/api.w.org\/{rel}","templated":true}]}}