{"id":13751,"date":"2024-08-29T20:50:44","date_gmt":"2024-08-30T03:50:44","guid":{"rendered":"https:\/\/www.3c-ren.org\/?page_id=13751"},"modified":"2025-05-20T08:09:17","modified_gmt":"2025-05-20T15:09:17","slug":"assurance","status":"publish","type":"page","link":"https:\/\/www.3c-ren.org\/es\/assurance\/","title":{"rendered":"Energy Assurance Services"},"content":{"rendered":"\t\t<div data-elementor-type=\"wp-page\" data-elementor-id=\"13751\" class=\"elementor elementor-13751 elementor-13750\" data-elementor-post-type=\"page\">\n\t\t\t\t<div class=\"elementor-element elementor-element-108d5e8 e-flex e-con-boxed e-con e-parent\" data-id=\"108d5e8\" data-element_type=\"container\" data-e-type=\"container\" data-settings=\"{&quot;background_background&quot;:&quot;classic&quot;}\">\n\t\t\t\t\t<div class=\"e-con-inner\">\n\t\t<div class=\"elementor-element elementor-element-bf53e02 e-con-full e-flex e-con e-child\" data-id=\"bf53e02\" data-element_type=\"container\" data-e-type=\"container\">\n\t\t\t\t<div class=\"elementor-element elementor-element-5dcc1ed elementor-widget-divider--view-line elementor-widget elementor-widget-divider\" data-id=\"5dcc1ed\" data-element_type=\"widget\" data-e-type=\"widget\" data-widget_type=\"divider.default\">\n\t\t\t\t<div class=\"elementor-widget-container\">\n\t\t\t\t\t\t\t<div class=\"elementor-divider\">\n\t\t\t<span class=\"elementor-divider-separator\">\n\t\t\t\t\t\t<\/span>\n\t\t<\/div>\n\t\t\t\t\t\t<\/div>\n\t\t\t\t<\/div>\n\t\t\t\t<\/div>\n\t\t\t\t\t<\/div>\n\t\t\t\t<\/div>\n\t\t<div class=\"elementor-element elementor-element-e995eee e-con-full e-flex e-con e-parent\" data-id=\"e995eee\" data-element_type=\"container\" data-e-type=\"container\">\n\t\t<div class=\"elementor-element elementor-element-e9a812e e-flex e-con-boxed e-con e-child\" data-id=\"e9a812e\" data-element_type=\"container\" data-e-type=\"container\">\n\t\t\t\t\t<div class=\"e-con-inner\">\n\t\t<div class=\"elementor-element elementor-element-b89aef7 e-con-full e-flex e-con e-child\" data-id=\"b89aef7\" data-element_type=\"container\" data-e-type=\"container\">\n\t\t<div class=\"elementor-element elementor-element-d6aa630 e-con-full e-flex e-con e-child\" data-id=\"d6aa630\" data-element_type=\"container\" data-e-type=\"container\">\n\t\t\t\t<div class=\"elementor-element elementor-element-3a8806a elementor-widget elementor-widget-heading\" data-id=\"3a8806a\" data-element_type=\"widget\" data-e-type=\"widget\" data-widget_type=\"heading.default\">\n\t\t\t\t<div class=\"elementor-widget-container\">\n\t\t\t\t\t<h2 class=\"elementor-heading-title elementor-size-default\">Su socio en la planificaci\u00f3n de infraestructura energ\u00e9tica<\/h2>\t\t\t\t<\/div>\n\t\t\t\t<\/div>\n\t\t\t\t<div class=\"elementor-element elementor-element-8b5c76c elementor-widget elementor-widget-text-editor\" data-id=\"8b5c76c\" data-element_type=\"widget\" data-e-type=\"widget\" data-widget_type=\"text-editor.default\">\n\t\t\t\t<div class=\"elementor-widget-container\">\n\t\t\t\t\t\t\t\t\t<div class=\"wpb_text_column wpb_content_element \"><div class=\"wpb_wrapper\"><div class=\"wpb_text_column wpb_content_element font-blue\"><div class=\"wpb_wrapper\"><p dir=\"ltr\">Los servicios de este programa ofrece auditor\u00edas energ\u00e9ticas dise\u00f1adas espec\u00edficamente para satisfacer las necesidades \u00fanicas de cada establecimiento que es cr\u00edtico para la regi\u00f3n. Estas auditor\u00edas se centran en:\u00a0<strong>resiliencia, eficiencia energ\u00e9tica y el manejo integral de cargas el\u00e9ctricas.<\/strong><\/p><p dir=\"ltr\">Por ejemplo, al dimensionar sistemas solares y de bater\u00edas, el programa colabora con los administradores de las establecimiento para identificar cargas y servicios cr\u00edticos que requieran respaldo durante un posible corte de energ\u00eda de tres d\u00edas.<strong><br \/><\/strong><\/p><p dir=\"ltr\"><strong>\u00bfQui\u00e9n puede participar?<\/strong><br \/>Los establecimientos elegibles incluyen aquellos operadas por:<\/p><ul><li dir=\"ltr\"><p dir=\"ltr\">Municipalidades<\/p><\/li><li dir=\"ltr\"><p dir=\"ltr\">Distritos especiales<\/p><\/li><li dir=\"ltr\"><p dir=\"ltr\">Organizaciones sin fines de lucro<\/p><\/li><li dir=\"ltr\"><p dir=\"ltr\">Instituciones religiosas<\/p><\/li><li dir=\"ltr\"><p dir=\"ltr\">Otras agencias<\/p><\/li><\/ul><p dir=\"ltr\"><strong>Criterios para la selecci\u00f3n de recibir una auditoria:<\/strong><\/p><ul><li dir=\"ltr\"><p dir=\"ltr\">La clase de servicios comunitarios que ofrece el establecimiento; los beneficios al evaluar la instalaci\u00f3n de nueva infraestructura y el inter\u00e9s de los operadores en implementar mejoras energ\u00e9ticas<\/p><\/li><\/ul><p dir=\"ltr\">El programa tambi\u00e9n identifica programas complementarios e oportunidades de financiamiento para apoyar la implementaci\u00f3n de proyectos.<\/p><p dir=\"ltr\"><strong>Servicios adicionales:<\/strong><br \/>Adem\u00e1s de las auditor\u00edas, EAS ofrece servicios de referencia para instalaciones comerciales que buscan cumplir con las regulaciones estatales.<\/p><p dir=\"ltr\"><strong>\u00bfTiene preguntas? \u00a1Cont\u00e1ctenos para m\u00e1s informaci\u00f3n!<\/strong><\/p><p>Actualmente, este programa es ofrecido solamente en ingl\u00e9s. Usted puede comunicarse con Nuestro personal biling\u00fce para m\u00e1s informaci\u00f3n de c\u00f3mo puede participar. Cont\u00e1ctenos\u00a0<a href=\"mailto:eninfo@3c-ren.org\" target=\"_blank\" rel=\"noopener\">info@3c-ren.org<\/a>.<\/p><\/div><\/div><\/div><\/div>\t\t\t\t\t\t\t\t<\/div>\n\t\t\t\t<\/div>\n\t\t\t\t<\/div>\n\t\t<div class=\"elementor-element elementor-element-25b4d52 e-con-full elementor-hidden-tablet elementor-hidden-mobile e-flex e-con e-child\" data-id=\"25b4d52\" data-element_type=\"container\" data-e-type=\"container\" data-settings=\"{&quot;background_background&quot;:&quot;classic&quot;}\">\n\t\t\t\t<div class=\"elementor-element elementor-element-acf4d00 elementor-widget elementor-widget-image\" data-id=\"acf4d00\" data-element_type=\"widget\" data-e-type=\"widget\" data-widget_type=\"image.default\">\n\t\t\t\t<div class=\"elementor-widget-container\">\n\t\t\t\t\t\t\t\t\t\t\t\t\t\t\t<img fetchpriority=\"high\" decoding=\"async\" width=\"247\" height=\"271\" src=\"https:\/\/www.3c-ren.org\/wp-content\/uploads\/2024\/08\/EA-icon.svg\" class=\"attachment-large size-large wp-image-13762\" alt=\"\" \/>\t\t\t\t\t\t\t\t\t\t\t\t\t\t\t<\/div>\n\t\t\t\t<\/div>\n\t\t\t\t<\/div>\n\t\t\t\t<\/div>\n\t\t\t\t\t<\/div>\n\t\t\t\t<\/div>\n\t\t\t\t<\/div>\n\t\t\t\t<\/div>\n\t\t","protected":false},"excerpt":{"rendered":"<p>Su socio en la planificaci\u00f3n de infraestructura energ\u00e9tica Los servicios de este programa ofrece auditor\u00edas energ\u00e9ticas dise\u00f1adas espec\u00edficamente para satisfacer las necesidades \u00fanicas de cada establecimiento que es cr\u00edtico para [&hellip;]<\/p>\n","protected":false},"author":1,"featured_media":14061,"parent":0,"menu_order":0,"comment_status":"closed","ping_status":"closed","template":"","meta":{"_acf_changed":false,"footnotes":""},"categories":[444],"tags":[],"class_list":["post-13751","page","type-page","status-publish","has-post-thumbnail","hentry","category-spanish-footer"],"acf":[],"yoast_head":"<!-- This site is optimized with the Yoast SEO plugin v27.3 - https:\/\/yoast.com\/product\/yoast-seo-wordpress\/ -->\n<title>Energy Assurance Services - 3C-REN<\/title>\n<meta name=\"robots\" content=\"index, follow, max-snippet:-1, max-image-preview:large, max-video-preview:-1\" \/>\n<link rel=\"canonical\" href=\"https:\/\/www.3c-ren.org\/es\/assurance\/\" \/>\n<meta property=\"og:locale\" content=\"es_ES\" \/>\n<meta property=\"og:type\" content=\"article\" \/>\n<meta property=\"og:title\" content=\"Energy Assurance Services - 3C-REN\" \/>\n<meta property=\"og:description\" content=\"Su socio en la planificaci\u00f3n de infraestructura energ\u00e9tica Los servicios de este programa ofrece auditor\u00edas energ\u00e9ticas dise\u00f1adas espec\u00edficamente para satisfacer las necesidades \u00fanicas de cada establecimiento que es cr\u00edtico para [&hellip;]\" \/>\n<meta property=\"og:url\" content=\"https:\/\/www.3c-ren.org\/es\/assurance\/\" \/>\n<meta property=\"og:site_name\" content=\"3C-REN\" \/>\n<meta property=\"article:modified_time\" content=\"2025-05-20T15:09:17+00:00\" \/>\n<meta property=\"og:image\" content=\"https:\/\/www.3c-ren.org\/wp-content\/uploads\/2024\/11\/eas-new-icon.jpg\" \/>\n\t<meta property=\"og:image:width\" content=\"297\" \/>\n\t<meta property=\"og:image:height\" content=\"276\" \/>\n\t<meta property=\"og:image:type\" content=\"image\/jpeg\" \/>\n<meta name=\"twitter:card\" content=\"summary_large_image\" \/>\n<meta name=\"twitter:label1\" content=\"Est. reading time\" \/>\n\t<meta name=\"twitter:data1\" content=\"2 minutes\" \/>\n<script type=\"application\/ld+json\" class=\"yoast-schema-graph\">{\"@context\":\"https:\\\/\\\/schema.org\",\"@graph\":[{\"@type\":\"WebPage\",\"@id\":\"https:\\\/\\\/www.3c-ren.org\\\/es\\\/assurance\\\/\",\"url\":\"https:\\\/\\\/www.3c-ren.org\\\/es\\\/assurance\\\/\",\"name\":\"Energy Assurance Services - 3C-REN\",\"isPartOf\":{\"@id\":\"https:\\\/\\\/www.3c-ren.org\\\/#website\"},\"primaryImageOfPage\":{\"@id\":\"https:\\\/\\\/www.3c-ren.org\\\/es\\\/assurance\\\/#primaryimage\"},\"image\":{\"@id\":\"https:\\\/\\\/www.3c-ren.org\\\/es\\\/assurance\\\/#primaryimage\"},\"thumbnailUrl\":\"https:\\\/\\\/www.3c-ren.org\\\/wp-content\\\/uploads\\\/2024\\\/11\\\/eas-new-icon.jpg\",\"datePublished\":\"2024-08-30T03:50:44+00:00\",\"dateModified\":\"2025-05-20T15:09:17+00:00\",\"breadcrumb\":{\"@id\":\"https:\\\/\\\/www.3c-ren.org\\\/es\\\/assurance\\\/#breadcrumb\"},\"inLanguage\":\"es-ES\",\"potentialAction\":[{\"@type\":\"ReadAction\",\"target\":[\"https:\\\/\\\/www.3c-ren.org\\\/es\\\/assurance\\\/\"]}]},{\"@type\":\"ImageObject\",\"inLanguage\":\"es-ES\",\"@id\":\"https:\\\/\\\/www.3c-ren.org\\\/es\\\/assurance\\\/#primaryimage\",\"url\":\"https:\\\/\\\/www.3c-ren.org\\\/wp-content\\\/uploads\\\/2024\\\/11\\\/eas-new-icon.jpg\",\"contentUrl\":\"https:\\\/\\\/www.3c-ren.org\\\/wp-content\\\/uploads\\\/2024\\\/11\\\/eas-new-icon.jpg\",\"width\":297,\"height\":276},{\"@type\":\"BreadcrumbList\",\"@id\":\"https:\\\/\\\/www.3c-ren.org\\\/es\\\/assurance\\\/#breadcrumb\",\"itemListElement\":[{\"@type\":\"ListItem\",\"position\":1,\"name\":\"Home\",\"item\":\"https:\\\/\\\/www.3c-ren.org\\\/es\\\/\"},{\"@type\":\"ListItem\",\"position\":2,\"name\":\"Energy Assurance Services\"}]},{\"@type\":\"WebSite\",\"@id\":\"https:\\\/\\\/www.3c-ren.org\\\/#website\",\"url\":\"https:\\\/\\\/www.3c-ren.org\\\/\",\"name\":\"3C-REN\",\"description\":\"\",\"publisher\":{\"@id\":\"https:\\\/\\\/www.3c-ren.org\\\/#organization\"},\"potentialAction\":[{\"@type\":\"SearchAction\",\"target\":{\"@type\":\"EntryPoint\",\"urlTemplate\":\"https:\\\/\\\/www.3c-ren.org\\\/?s={search_term_string}\"},\"query-input\":{\"@type\":\"PropertyValueSpecification\",\"valueRequired\":true,\"valueName\":\"search_term_string\"}}],\"inLanguage\":\"es-ES\"},{\"@type\":\"Organization\",\"@id\":\"https:\\\/\\\/www.3c-ren.org\\\/#organization\",\"name\":\"3C-REN\",\"url\":\"https:\\\/\\\/www.3c-ren.org\\\/\",\"logo\":{\"@type\":\"ImageObject\",\"inLanguage\":\"es-ES\",\"@id\":\"https:\\\/\\\/www.3c-ren.org\\\/#\\\/schema\\\/logo\\\/image\\\/\",\"url\":\"https:\\\/\\\/www.3c-ren.org\\\/wp-content\\\/uploads\\\/2024\\\/05\\\/3C-REN_logo_header_318x72.jpg\",\"contentUrl\":\"https:\\\/\\\/www.3c-ren.org\\\/wp-content\\\/uploads\\\/2024\\\/05\\\/3C-REN_logo_header_318x72.jpg\",\"width\":318,\"height\":72,\"caption\":\"3C-REN\"},\"image\":{\"@id\":\"https:\\\/\\\/www.3c-ren.org\\\/#\\\/schema\\\/logo\\\/image\\\/\"},\"sameAs\":[\"https:\\\/\\\/www.youtube.com\\\/@tricountyren\",\"https:\\\/\\\/www.linkedin.com\\\/company\\\/tri-county-regional-energy-network\"]}]}<\/script>\n<!-- \/ Yoast SEO plugin. -->","yoast_head_json":{"title":"Energy Assurance Services - 3C-REN","robots":{"index":"index","follow":"follow","max-snippet":"max-snippet:-1","max-image-preview":"max-image-preview:large","max-video-preview":"max-video-preview:-1"},"canonical":"https:\/\/www.3c-ren.org\/es\/assurance\/","og_locale":"es_ES","og_type":"article","og_title":"Energy Assurance Services - 3C-REN","og_description":"Su socio en la planificaci\u00f3n de infraestructura energ\u00e9tica Los servicios de este programa ofrece auditor\u00edas energ\u00e9ticas dise\u00f1adas espec\u00edficamente para satisfacer las necesidades \u00fanicas de cada establecimiento que es cr\u00edtico para [&hellip;]","og_url":"https:\/\/www.3c-ren.org\/es\/assurance\/","og_site_name":"3C-REN","article_modified_time":"2025-05-20T15:09:17+00:00","og_image":[{"width":297,"height":276,"url":"https:\/\/www.3c-ren.org\/wp-content\/uploads\/2024\/11\/eas-new-icon.jpg","type":"image\/jpeg"}],"twitter_card":"summary_large_image","twitter_misc":{"Est. reading time":"2 minutes"},"schema":{"@context":"https:\/\/schema.org","@graph":[{"@type":"WebPage","@id":"https:\/\/www.3c-ren.org\/es\/assurance\/","url":"https:\/\/www.3c-ren.org\/es\/assurance\/","name":"Energy Assurance Services - 3C-REN","isPartOf":{"@id":"https:\/\/www.3c-ren.org\/#website"},"primaryImageOfPage":{"@id":"https:\/\/www.3c-ren.org\/es\/assurance\/#primaryimage"},"image":{"@id":"https:\/\/www.3c-ren.org\/es\/assurance\/#primaryimage"},"thumbnailUrl":"https:\/\/www.3c-ren.org\/wp-content\/uploads\/2024\/11\/eas-new-icon.jpg","datePublished":"2024-08-30T03:50:44+00:00","dateModified":"2025-05-20T15:09:17+00:00","breadcrumb":{"@id":"https:\/\/www.3c-ren.org\/es\/assurance\/#breadcrumb"},"inLanguage":"es-ES","potentialAction":[{"@type":"ReadAction","target":["https:\/\/www.3c-ren.org\/es\/assurance\/"]}]},{"@type":"ImageObject","inLanguage":"es-ES","@id":"https:\/\/www.3c-ren.org\/es\/assurance\/#primaryimage","url":"https:\/\/www.3c-ren.org\/wp-content\/uploads\/2024\/11\/eas-new-icon.jpg","contentUrl":"https:\/\/www.3c-ren.org\/wp-content\/uploads\/2024\/11\/eas-new-icon.jpg","width":297,"height":276},{"@type":"BreadcrumbList","@id":"https:\/\/www.3c-ren.org\/es\/assurance\/#breadcrumb","itemListElement":[{"@type":"ListItem","position":1,"name":"Home","item":"https:\/\/www.3c-ren.org\/es\/"},{"@type":"ListItem","position":2,"name":"Energy Assurance Services"}]},{"@type":"WebSite","@id":"https:\/\/www.3c-ren.org\/#website","url":"https:\/\/www.3c-ren.org\/","name":"3C-REN","description":"","publisher":{"@id":"https:\/\/www.3c-ren.org\/#organization"},"potentialAction":[{"@type":"SearchAction","target":{"@type":"EntryPoint","urlTemplate":"https:\/\/www.3c-ren.org\/?s={search_term_string}"},"query-input":{"@type":"PropertyValueSpecification","valueRequired":true,"valueName":"search_term_string"}}],"inLanguage":"es-ES"},{"@type":"Organization","@id":"https:\/\/www.3c-ren.org\/#organization","name":"3C-REN","url":"https:\/\/www.3c-ren.org\/","logo":{"@type":"ImageObject","inLanguage":"es-ES","@id":"https:\/\/www.3c-ren.org\/#\/schema\/logo\/image\/","url":"https:\/\/www.3c-ren.org\/wp-content\/uploads\/2024\/05\/3C-REN_logo_header_318x72.jpg","contentUrl":"https:\/\/www.3c-ren.org\/wp-content\/uploads\/2024\/05\/3C-REN_logo_header_318x72.jpg","width":318,"height":72,"caption":"3C-REN"},"image":{"@id":"https:\/\/www.3c-ren.org\/#\/schema\/logo\/image\/"},"sameAs":["https:\/\/www.youtube.com\/@tricountyren","https:\/\/www.linkedin.com\/company\/tri-county-regional-energy-network"]}]}},"_links":{"self":[{"href":"https:\/\/www.3c-ren.org\/es\/wp-json\/wp\/v2\/pages\/13751","targetHints":{"allow":["GET"]}}],"collection":[{"href":"https:\/\/www.3c-ren.org\/es\/wp-json\/wp\/v2\/pages"}],"about":[{"href":"https:\/\/www.3c-ren.org\/es\/wp-json\/wp\/v2\/types\/page"}],"author":[{"embeddable":true,"href":"https:\/\/www.3c-ren.org\/es\/wp-json\/wp\/v2\/users\/1"}],"replies":[{"embeddable":true,"href":"https:\/\/www.3c-ren.org\/es\/wp-json\/wp\/v2\/comments?post=13751"}],"version-history":[{"count":1,"href":"https:\/\/www.3c-ren.org\/es\/wp-json\/wp\/v2\/pages\/13751\/revisions"}],"predecessor-version":[{"id":16272,"href":"https:\/\/www.3c-ren.org\/es\/wp-json\/wp\/v2\/pages\/13751\/revisions\/16272"}],"wp:featuredmedia":[{"embeddable":true,"href":"https:\/\/www.3c-ren.org\/es\/wp-json\/wp\/v2\/media\/14061"}],"wp:attachment":[{"href":"https:\/\/www.3c-ren.org\/es\/wp-json\/wp\/v2\/media?parent=13751"}],"wp:term":[{"taxonomy":"category","embeddable":true,"href":"https:\/\/www.3c-ren.org\/es\/wp-json\/wp\/v2\/categories?post=13751"},{"taxonomy":"post_tag","embeddable":true,"href":"https:\/\/www.3c-ren.org\/es\/wp-json\/wp\/v2\/tags?post=13751"}],"curies":[{"name":"wp","href":"https:\/\/api.w.org\/{rel}","templated":true}]}}