{"id":13749,"date":"2024-08-29T20:48:59","date_gmt":"2024-08-30T03:48:59","guid":{"rendered":"https:\/\/www.3c-ren.org\/?page_id=13749"},"modified":"2025-05-20T08:09:13","modified_gmt":"2025-05-20T15:09:13","slug":"agriculture","status":"publish","type":"page","link":"https:\/\/www.3c-ren.org\/es\/agriculture\/","title":{"rendered":"Agriculture Energy Solutions"},"content":{"rendered":"\t\t<div data-elementor-type=\"wp-page\" data-elementor-id=\"13749\" class=\"elementor elementor-13749 elementor-13748\" data-elementor-post-type=\"page\">\n\t\t\t\t<div class=\"elementor-element elementor-element-11f94e9 e-flex e-con-boxed e-con e-parent\" data-id=\"11f94e9\" data-element_type=\"container\" data-e-type=\"container\" data-settings=\"{&quot;background_background&quot;:&quot;classic&quot;}\">\n\t\t\t\t\t<div class=\"e-con-inner\">\n\t\t<div class=\"elementor-element elementor-element-9630438 e-con-full e-flex e-con e-child\" data-id=\"9630438\" data-element_type=\"container\" data-e-type=\"container\">\n\t\t\t\t<div class=\"elementor-element elementor-element-7c86a14 elementor-widget-divider--view-line elementor-widget elementor-widget-divider\" data-id=\"7c86a14\" data-element_type=\"widget\" data-e-type=\"widget\" data-widget_type=\"divider.default\">\n\t\t\t\t<div class=\"elementor-widget-container\">\n\t\t\t\t\t\t\t<div class=\"elementor-divider\">\n\t\t\t<span class=\"elementor-divider-separator\">\n\t\t\t\t\t\t<\/span>\n\t\t<\/div>\n\t\t\t\t\t\t<\/div>\n\t\t\t\t<\/div>\n\t\t\t\t<\/div>\n\t\t\t\t\t<\/div>\n\t\t\t\t<\/div>\n\t\t<div class=\"elementor-element elementor-element-df508fc e-con-full e-flex e-con e-parent\" data-id=\"df508fc\" data-element_type=\"container\" data-e-type=\"container\">\n\t\t<div class=\"elementor-element elementor-element-149877e e-flex e-con-boxed e-con e-child\" data-id=\"149877e\" data-element_type=\"container\" data-e-type=\"container\">\n\t\t\t\t\t<div class=\"e-con-inner\">\n\t\t<div class=\"elementor-element elementor-element-d5f5263 e-con-full e-flex e-con e-child\" data-id=\"d5f5263\" data-element_type=\"container\" data-e-type=\"container\">\n\t\t<div class=\"elementor-element elementor-element-9fb5deb e-con-full e-flex e-con e-child\" data-id=\"9fb5deb\" data-element_type=\"container\" data-e-type=\"container\">\n\t\t\t\t<div class=\"elementor-element elementor-element-874cdd7 elementor-widget elementor-widget-text-editor\" data-id=\"874cdd7\" data-element_type=\"widget\" data-e-type=\"widget\" data-widget_type=\"text-editor.default\">\n\t\t\t\t<div class=\"elementor-widget-container\">\n\t\t\t\t\t\t\t\t\t<p dir=\"ltr\">Los agricultores interesados en mejoras energ\u00e9ticas para ahorrar energ\u00eda y reducir costos pueden recibir\u00a0<strong>asistencia t\u00e9cnica gratuita<\/strong>\u00a0de 3C-REN.<\/p><p dir=\"ltr\"><strong>La asistencia t\u00e9cnica incluye:<\/strong><\/p><ul><li dir=\"ltr\"><p dir=\"ltr\">Auditor\u00edas energ\u00e9ticas para identificar oportunidades de ahorro de energ\u00eda y reducci\u00f3n de costos.<\/p><\/li><li dir=\"ltr\"><p dir=\"ltr\">Servicios informativos para programas de incentivos.<\/p><\/li><li dir=\"ltr\"><p dir=\"ltr\">Evaluaciones para comparar el uso energ\u00e9tico.<\/p><\/li><\/ul><p dir=\"ltr\">Las auditor\u00edas identificar\u00e1n \u00e1reas claves para implementar pr\u00e1cticas de eficiencia energ\u00e9tica, como actualizaciones de equipos y mejor utilizaci\u00f3n de servicios p\u00fablicos. Adem\u00e1s, muchas de estas pr\u00e1cticas ofrecen\u00a0<strong>beneficios adicionales<\/strong>, como ahorro de agua y mayores rendimientos en cultivos.<\/p><p dir=\"ltr\"><strong>Informaci\u00f3n sobre el programa:<\/strong><br \/>Ag Energy Solutions todav\u00eda est\u00e1 en desarrollo.\u00a0<strong>Cont\u00e1ctenos<\/strong>\u00a0para ser agregado a nuestra lista o si tiene cualquier pregunta. \u00a1Nos complace mantenerle informado!<\/p><p>Actualmente, este programa es ofrecido solamente en ingl\u00e9s. Usted puede comunicarse con Nuestro personal biling\u00fce para m\u00e1s informaci\u00f3n de c\u00f3mo puede participar. Cont\u00e1ctenos\u00a0<a href=\"mailto:eninfo@3c-ren.org\" target=\"_blank\" rel=\"noopener\">info@3c-ren.org<\/a>.<\/p>\t\t\t\t\t\t\t\t<\/div>\n\t\t\t\t<\/div>\n\t\t\t\t<\/div>\n\t\t<div class=\"elementor-element elementor-element-b4bbe52 e-con-full elementor-hidden-tablet elementor-hidden-mobile e-flex e-con e-child\" data-id=\"b4bbe52\" data-element_type=\"container\" data-e-type=\"container\" data-settings=\"{&quot;background_background&quot;:&quot;classic&quot;}\">\n\t\t\t\t<div class=\"elementor-element elementor-element-45428ae elementor-widget elementor-widget-image\" data-id=\"45428ae\" data-element_type=\"widget\" data-e-type=\"widget\" data-widget_type=\"image.default\">\n\t\t\t\t<div class=\"elementor-widget-container\">\n\t\t\t\t\t\t\t\t\t\t\t\t\t\t\t<img fetchpriority=\"high\" decoding=\"async\" width=\"304\" height=\"304\" src=\"https:\/\/www.3c-ren.org\/wp-content\/uploads\/2024\/08\/ATA_icon.svg\" class=\"attachment-large size-large wp-image-13768\" alt=\"\" \/>\t\t\t\t\t\t\t\t\t\t\t\t\t\t\t<\/div>\n\t\t\t\t<\/div>\n\t\t\t\t<\/div>\n\t\t\t\t<\/div>\n\t\t\t\t\t<\/div>\n\t\t\t\t<\/div>\n\t\t\t\t<\/div>\n\t\t\t\t<\/div>\n\t\t","protected":false},"excerpt":{"rendered":"<p>Los agricultores interesados en mejoras energ\u00e9ticas para ahorrar energ\u00eda y reducir costos pueden recibir\u00a0asistencia t\u00e9cnica gratuita\u00a0de 3C-REN. La asistencia t\u00e9cnica incluye: Auditor\u00edas energ\u00e9ticas para identificar oportunidades de ahorro de energ\u00eda [&hellip;]<\/p>\n","protected":false},"author":1,"featured_media":13598,"parent":0,"menu_order":0,"comment_status":"closed","ping_status":"closed","template":"","meta":{"_acf_changed":false,"footnotes":""},"categories":[444],"tags":[],"class_list":["post-13749","page","type-page","status-publish","has-post-thumbnail","hentry","category-spanish-footer"],"acf":[],"yoast_head":"<!-- This site is optimized with the Yoast SEO plugin v27.3 - https:\/\/yoast.com\/product\/yoast-seo-wordpress\/ -->\n<title>Agriculture Energy Solutions - 3C-REN<\/title>\n<meta name=\"robots\" content=\"index, follow, max-snippet:-1, max-image-preview:large, max-video-preview:-1\" \/>\n<link rel=\"canonical\" href=\"https:\/\/www.3c-ren.org\/es\/agriculture\/\" \/>\n<meta property=\"og:locale\" content=\"es_ES\" \/>\n<meta property=\"og:type\" content=\"article\" \/>\n<meta property=\"og:title\" content=\"Agriculture Energy Solutions - 3C-REN\" \/>\n<meta property=\"og:description\" content=\"Los agricultores interesados en mejoras energ\u00e9ticas para ahorrar energ\u00eda y reducir costos pueden recibir\u00a0asistencia t\u00e9cnica gratuita\u00a0de 3C-REN. La asistencia t\u00e9cnica incluye: Auditor\u00edas energ\u00e9ticas para identificar oportunidades de ahorro de energ\u00eda [&hellip;]\" \/>\n<meta property=\"og:url\" content=\"https:\/\/www.3c-ren.org\/es\/agriculture\/\" \/>\n<meta property=\"og:site_name\" content=\"3C-REN\" \/>\n<meta property=\"article:modified_time\" content=\"2025-05-20T15:09:13+00:00\" \/>\n<meta property=\"og:image\" content=\"https:\/\/www.3c-ren.org\/wp-content\/uploads\/2024\/08\/large-HES-Desktop-header-1600.jpg\" \/>\n\t<meta property=\"og:image:width\" content=\"1280\" \/>\n\t<meta property=\"og:image:height\" content=\"222\" \/>\n\t<meta property=\"og:image:type\" content=\"image\/jpeg\" \/>\n<meta name=\"twitter:card\" content=\"summary_large_image\" \/>\n<meta name=\"twitter:label1\" content=\"Est. reading time\" \/>\n\t<meta name=\"twitter:data1\" content=\"2 minutes\" \/>\n<script type=\"application\/ld+json\" class=\"yoast-schema-graph\">{\"@context\":\"https:\\\/\\\/schema.org\",\"@graph\":[{\"@type\":\"WebPage\",\"@id\":\"https:\\\/\\\/www.3c-ren.org\\\/es\\\/agriculture\\\/\",\"url\":\"https:\\\/\\\/www.3c-ren.org\\\/es\\\/agriculture\\\/\",\"name\":\"Agriculture Energy Solutions - 3C-REN\",\"isPartOf\":{\"@id\":\"https:\\\/\\\/www.3c-ren.org\\\/#website\"},\"primaryImageOfPage\":{\"@id\":\"https:\\\/\\\/www.3c-ren.org\\\/es\\\/agriculture\\\/#primaryimage\"},\"image\":{\"@id\":\"https:\\\/\\\/www.3c-ren.org\\\/es\\\/agriculture\\\/#primaryimage\"},\"thumbnailUrl\":\"https:\\\/\\\/www.3c-ren.org\\\/wp-content\\\/uploads\\\/2024\\\/08\\\/large-HES-Desktop-header-1600.jpg\",\"datePublished\":\"2024-08-30T03:48:59+00:00\",\"dateModified\":\"2025-05-20T15:09:13+00:00\",\"breadcrumb\":{\"@id\":\"https:\\\/\\\/www.3c-ren.org\\\/es\\\/agriculture\\\/#breadcrumb\"},\"inLanguage\":\"es-ES\",\"potentialAction\":[{\"@type\":\"ReadAction\",\"target\":[\"https:\\\/\\\/www.3c-ren.org\\\/es\\\/agriculture\\\/\"]}]},{\"@type\":\"ImageObject\",\"inLanguage\":\"es-ES\",\"@id\":\"https:\\\/\\\/www.3c-ren.org\\\/es\\\/agriculture\\\/#primaryimage\",\"url\":\"https:\\\/\\\/www.3c-ren.org\\\/wp-content\\\/uploads\\\/2024\\\/08\\\/large-HES-Desktop-header-1600.jpg\",\"contentUrl\":\"https:\\\/\\\/www.3c-ren.org\\\/wp-content\\\/uploads\\\/2024\\\/08\\\/large-HES-Desktop-header-1600.jpg\",\"width\":1280,\"height\":222,\"caption\":\"Home Energy Savings\"},{\"@type\":\"BreadcrumbList\",\"@id\":\"https:\\\/\\\/www.3c-ren.org\\\/es\\\/agriculture\\\/#breadcrumb\",\"itemListElement\":[{\"@type\":\"ListItem\",\"position\":1,\"name\":\"Home\",\"item\":\"https:\\\/\\\/www.3c-ren.org\\\/es\\\/\"},{\"@type\":\"ListItem\",\"position\":2,\"name\":\"Agriculture Energy Solutions\"}]},{\"@type\":\"WebSite\",\"@id\":\"https:\\\/\\\/www.3c-ren.org\\\/#website\",\"url\":\"https:\\\/\\\/www.3c-ren.org\\\/\",\"name\":\"3C-REN\",\"description\":\"\",\"publisher\":{\"@id\":\"https:\\\/\\\/www.3c-ren.org\\\/#organization\"},\"potentialAction\":[{\"@type\":\"SearchAction\",\"target\":{\"@type\":\"EntryPoint\",\"urlTemplate\":\"https:\\\/\\\/www.3c-ren.org\\\/?s={search_term_string}\"},\"query-input\":{\"@type\":\"PropertyValueSpecification\",\"valueRequired\":true,\"valueName\":\"search_term_string\"}}],\"inLanguage\":\"es-ES\"},{\"@type\":\"Organization\",\"@id\":\"https:\\\/\\\/www.3c-ren.org\\\/#organization\",\"name\":\"3C-REN\",\"url\":\"https:\\\/\\\/www.3c-ren.org\\\/\",\"logo\":{\"@type\":\"ImageObject\",\"inLanguage\":\"es-ES\",\"@id\":\"https:\\\/\\\/www.3c-ren.org\\\/#\\\/schema\\\/logo\\\/image\\\/\",\"url\":\"https:\\\/\\\/www.3c-ren.org\\\/wp-content\\\/uploads\\\/2024\\\/05\\\/3C-REN_logo_header_318x72.jpg\",\"contentUrl\":\"https:\\\/\\\/www.3c-ren.org\\\/wp-content\\\/uploads\\\/2024\\\/05\\\/3C-REN_logo_header_318x72.jpg\",\"width\":318,\"height\":72,\"caption\":\"3C-REN\"},\"image\":{\"@id\":\"https:\\\/\\\/www.3c-ren.org\\\/#\\\/schema\\\/logo\\\/image\\\/\"},\"sameAs\":[\"https:\\\/\\\/www.youtube.com\\\/@tricountyren\",\"https:\\\/\\\/www.linkedin.com\\\/company\\\/tri-county-regional-energy-network\"]}]}<\/script>\n<!-- \/ Yoast SEO plugin. -->","yoast_head_json":{"title":"Agriculture Energy Solutions - 3C-REN","robots":{"index":"index","follow":"follow","max-snippet":"max-snippet:-1","max-image-preview":"max-image-preview:large","max-video-preview":"max-video-preview:-1"},"canonical":"https:\/\/www.3c-ren.org\/es\/agriculture\/","og_locale":"es_ES","og_type":"article","og_title":"Agriculture Energy Solutions - 3C-REN","og_description":"Los agricultores interesados en mejoras energ\u00e9ticas para ahorrar energ\u00eda y reducir costos pueden recibir\u00a0asistencia t\u00e9cnica gratuita\u00a0de 3C-REN. La asistencia t\u00e9cnica incluye: Auditor\u00edas energ\u00e9ticas para identificar oportunidades de ahorro de energ\u00eda [&hellip;]","og_url":"https:\/\/www.3c-ren.org\/es\/agriculture\/","og_site_name":"3C-REN","article_modified_time":"2025-05-20T15:09:13+00:00","og_image":[{"width":1280,"height":222,"url":"https:\/\/www.3c-ren.org\/wp-content\/uploads\/2024\/08\/large-HES-Desktop-header-1600.jpg","type":"image\/jpeg"}],"twitter_card":"summary_large_image","twitter_misc":{"Est. reading time":"2 minutes"},"schema":{"@context":"https:\/\/schema.org","@graph":[{"@type":"WebPage","@id":"https:\/\/www.3c-ren.org\/es\/agriculture\/","url":"https:\/\/www.3c-ren.org\/es\/agriculture\/","name":"Agriculture Energy Solutions - 3C-REN","isPartOf":{"@id":"https:\/\/www.3c-ren.org\/#website"},"primaryImageOfPage":{"@id":"https:\/\/www.3c-ren.org\/es\/agriculture\/#primaryimage"},"image":{"@id":"https:\/\/www.3c-ren.org\/es\/agriculture\/#primaryimage"},"thumbnailUrl":"https:\/\/www.3c-ren.org\/wp-content\/uploads\/2024\/08\/large-HES-Desktop-header-1600.jpg","datePublished":"2024-08-30T03:48:59+00:00","dateModified":"2025-05-20T15:09:13+00:00","breadcrumb":{"@id":"https:\/\/www.3c-ren.org\/es\/agriculture\/#breadcrumb"},"inLanguage":"es-ES","potentialAction":[{"@type":"ReadAction","target":["https:\/\/www.3c-ren.org\/es\/agriculture\/"]}]},{"@type":"ImageObject","inLanguage":"es-ES","@id":"https:\/\/www.3c-ren.org\/es\/agriculture\/#primaryimage","url":"https:\/\/www.3c-ren.org\/wp-content\/uploads\/2024\/08\/large-HES-Desktop-header-1600.jpg","contentUrl":"https:\/\/www.3c-ren.org\/wp-content\/uploads\/2024\/08\/large-HES-Desktop-header-1600.jpg","width":1280,"height":222,"caption":"Home Energy Savings"},{"@type":"BreadcrumbList","@id":"https:\/\/www.3c-ren.org\/es\/agriculture\/#breadcrumb","itemListElement":[{"@type":"ListItem","position":1,"name":"Home","item":"https:\/\/www.3c-ren.org\/es\/"},{"@type":"ListItem","position":2,"name":"Agriculture Energy Solutions"}]},{"@type":"WebSite","@id":"https:\/\/www.3c-ren.org\/#website","url":"https:\/\/www.3c-ren.org\/","name":"3C-REN","description":"","publisher":{"@id":"https:\/\/www.3c-ren.org\/#organization"},"potentialAction":[{"@type":"SearchAction","target":{"@type":"EntryPoint","urlTemplate":"https:\/\/www.3c-ren.org\/?s={search_term_string}"},"query-input":{"@type":"PropertyValueSpecification","valueRequired":true,"valueName":"search_term_string"}}],"inLanguage":"es-ES"},{"@type":"Organization","@id":"https:\/\/www.3c-ren.org\/#organization","name":"3C-REN","url":"https:\/\/www.3c-ren.org\/","logo":{"@type":"ImageObject","inLanguage":"es-ES","@id":"https:\/\/www.3c-ren.org\/#\/schema\/logo\/image\/","url":"https:\/\/www.3c-ren.org\/wp-content\/uploads\/2024\/05\/3C-REN_logo_header_318x72.jpg","contentUrl":"https:\/\/www.3c-ren.org\/wp-content\/uploads\/2024\/05\/3C-REN_logo_header_318x72.jpg","width":318,"height":72,"caption":"3C-REN"},"image":{"@id":"https:\/\/www.3c-ren.org\/#\/schema\/logo\/image\/"},"sameAs":["https:\/\/www.youtube.com\/@tricountyren","https:\/\/www.linkedin.com\/company\/tri-county-regional-energy-network"]}]}},"_links":{"self":[{"href":"https:\/\/www.3c-ren.org\/es\/wp-json\/wp\/v2\/pages\/13749","targetHints":{"allow":["GET"]}}],"collection":[{"href":"https:\/\/www.3c-ren.org\/es\/wp-json\/wp\/v2\/pages"}],"about":[{"href":"https:\/\/www.3c-ren.org\/es\/wp-json\/wp\/v2\/types\/page"}],"author":[{"embeddable":true,"href":"https:\/\/www.3c-ren.org\/es\/wp-json\/wp\/v2\/users\/1"}],"replies":[{"embeddable":true,"href":"https:\/\/www.3c-ren.org\/es\/wp-json\/wp\/v2\/comments?post=13749"}],"version-history":[{"count":1,"href":"https:\/\/www.3c-ren.org\/es\/wp-json\/wp\/v2\/pages\/13749\/revisions"}],"predecessor-version":[{"id":16266,"href":"https:\/\/www.3c-ren.org\/es\/wp-json\/wp\/v2\/pages\/13749\/revisions\/16266"}],"wp:featuredmedia":[{"embeddable":true,"href":"https:\/\/www.3c-ren.org\/es\/wp-json\/wp\/v2\/media\/13598"}],"wp:attachment":[{"href":"https:\/\/www.3c-ren.org\/es\/wp-json\/wp\/v2\/media?parent=13749"}],"wp:term":[{"taxonomy":"category","embeddable":true,"href":"https:\/\/www.3c-ren.org\/es\/wp-json\/wp\/v2\/categories?post=13749"},{"taxonomy":"post_tag","embeddable":true,"href":"https:\/\/www.3c-ren.org\/es\/wp-json\/wp\/v2\/tags?post=13749"}],"curies":[{"name":"wp","href":"https:\/\/api.w.org\/{rel}","templated":true}]}}