{"id":13557,"date":"2024-08-27T20:23:42","date_gmt":"2024-08-28T03:23:42","guid":{"rendered":"https:\/\/www.3c-ren.org\/?page_id=13557"},"modified":"2025-05-20T08:41:55","modified_gmt":"2025-05-20T15:41:55","slug":"home-energy-savings","status":"publish","type":"page","link":"https:\/\/www.3c-ren.org\/es\/home-energy-savings\/","title":{"rendered":"Home Energy Savings"},"content":{"rendered":"\t\t<div data-elementor-type=\"wp-page\" data-elementor-id=\"13557\" class=\"elementor elementor-13557 elementor-13556\" data-elementor-post-type=\"page\">\n\t\t\t\t<div class=\"elementor-element elementor-element-0fc7957 e-flex e-con-boxed e-con e-parent\" data-id=\"0fc7957\" data-element_type=\"container\" data-e-type=\"container\" data-settings=\"{&quot;background_background&quot;:&quot;classic&quot;}\">\n\t\t\t\t\t<div class=\"e-con-inner\">\n\t\t<div class=\"elementor-element elementor-element-7250dcb e-con-full e-flex e-con e-child\" data-id=\"7250dcb\" data-element_type=\"container\" data-e-type=\"container\">\n\t\t\t\t<div class=\"elementor-element elementor-element-3e75f92 elementor-widget-divider--view-line elementor-widget elementor-widget-divider\" data-id=\"3e75f92\" data-element_type=\"widget\" data-e-type=\"widget\" data-widget_type=\"divider.default\">\n\t\t\t\t<div class=\"elementor-widget-container\">\n\t\t\t\t\t\t\t<div class=\"elementor-divider\">\n\t\t\t<span class=\"elementor-divider-separator\">\n\t\t\t\t\t\t<\/span>\n\t\t<\/div>\n\t\t\t\t\t\t<\/div>\n\t\t\t\t<\/div>\n\t\t\t\t<\/div>\n\t\t\t\t\t<\/div>\n\t\t\t\t<\/div>\n\t\t<div class=\"elementor-element elementor-element-760bba8 e-con-full e-flex e-con e-parent\" data-id=\"760bba8\" data-element_type=\"container\" data-e-type=\"container\">\n\t\t<div class=\"elementor-element elementor-element-4898ff9 e-flex e-con-boxed e-con e-child\" data-id=\"4898ff9\" data-element_type=\"container\" data-e-type=\"container\">\n\t\t\t\t\t<div class=\"e-con-inner\">\n\t\t<div class=\"elementor-element elementor-element-82ad348 e-con-full e-flex e-con e-child\" data-id=\"82ad348\" data-element_type=\"container\" data-e-type=\"container\">\n\t\t<div class=\"elementor-element elementor-element-a8eddf0 e-con-full e-flex e-con e-child\" data-id=\"a8eddf0\" data-element_type=\"container\" data-e-type=\"container\">\n\t\t\t\t<div class=\"elementor-element elementor-element-eb82b02 elementor-widget elementor-widget-heading\" data-id=\"eb82b02\" data-element_type=\"widget\" data-e-type=\"widget\" data-widget_type=\"heading.default\">\n\t\t\t\t<div class=\"elementor-widget-container\">\n\t\t\t\t\t<h2 class=\"elementor-heading-title elementor-size-default\">Ahorros de energ\u00eda para mejorar su hogar o un edificio residencial \u2013 y sus finanzas<\/h2>\t\t\t\t<\/div>\n\t\t\t\t<\/div>\n\t\t\t\t<div class=\"elementor-element elementor-element-abb3901 elementor-widget elementor-widget-text-editor\" data-id=\"abb3901\" data-element_type=\"widget\" data-e-type=\"widget\" data-widget_type=\"text-editor.default\">\n\t\t\t\t<div class=\"elementor-widget-container\">\n\t\t\t\t\t\t\t\t\t<p>Los programas de ahorros de energ\u00eda en el hogar de 3C-REN ayudan a los habitantes y propietarios de viviendas multifamiliares en la regi\u00f3n a ahorrar dinero y mejorar la salud de los hogares haciendo modificaciones energ\u00e9ticas que sean eficientes.<\/p><p>Desde sistemas de calefacci\u00f3n y refrigeraci\u00f3n hasta renovaci\u00f3n en el calentamiento de agua, los incentivos de 3C-REN permiten mayores ahorros de energ\u00eda y a menos costo.<\/p><p>Para obtener m\u00e1s informaci\u00f3n, incluyendo determinar si es elegible, seleccione un tipo de propiedad:<\/p>\t\t\t\t\t\t\t\t<\/div>\n\t\t\t\t<\/div>\n\t\t\t\t<\/div>\n\t\t<div class=\"elementor-element elementor-element-c81930a e-con-full elementor-hidden-tablet elementor-hidden-mobile e-flex e-con e-child\" data-id=\"c81930a\" data-element_type=\"container\" data-e-type=\"container\">\n\t\t\t\t<div class=\"elementor-element elementor-element-339b3a5 elementor-widget elementor-widget-image\" data-id=\"339b3a5\" data-element_type=\"widget\" data-e-type=\"widget\" data-widget_type=\"image.default\">\n\t\t\t\t<div class=\"elementor-widget-container\">\n\t\t\t\t\t\t\t\t\t\t\t\t\t\t\t<img decoding=\"async\" width=\"135\" height=\"122\" src=\"https:\/\/www.3c-ren.org\/wp-content\/uploads\/2024\/11\/HES-icon.svg\" class=\"attachment-large size-large wp-image-14224\" alt=\"\" \/>\t\t\t\t\t\t\t\t\t\t\t\t\t\t\t<\/div>\n\t\t\t\t<\/div>\n\t\t\t\t<\/div>\n\t\t\t\t<\/div>\n\t\t\t\t\t<\/div>\n\t\t\t\t<\/div>\n\t\t<div class=\"elementor-element elementor-element-4595dd1 e-flex e-con-boxed e-con e-child\" data-id=\"4595dd1\" data-element_type=\"container\" data-e-type=\"container\" data-settings=\"{&quot;background_background&quot;:&quot;classic&quot;}\">\n\t\t\t\t\t<div class=\"e-con-inner\">\n\t\t\t\t<div class=\"elementor-element elementor-element-1bde38a elementor-widget elementor-widget-heading\" data-id=\"1bde38a\" data-element_type=\"widget\" data-e-type=\"widget\" data-widget_type=\"heading.default\">\n\t\t\t\t<div class=\"elementor-widget-container\">\n\t\t\t\t\t<h2 class=\"elementor-heading-title elementor-size-default\">Elija el tipo de su propiedad:<\/h2>\t\t\t\t<\/div>\n\t\t\t\t<\/div>\n\t\t<div class=\"elementor-element elementor-element-12355c9 e-con-full e-flex e-con e-child\" data-id=\"12355c9\" data-element_type=\"container\" data-e-type=\"container\">\n\t\t<div class=\"elementor-element elementor-element-f39509f e-con-full signup-links e-flex e-con e-child\" data-id=\"f39509f\" data-element_type=\"container\" data-e-type=\"container\">\n\t\t\t\t<div class=\"elementor-element elementor-element-3e6d5bb elementor-widget elementor-widget-text-editor\" data-id=\"3e6d5bb\" data-element_type=\"widget\" data-e-type=\"widget\" data-widget_type=\"text-editor.default\">\n\t\t\t\t<div class=\"elementor-widget-container\">\n\t\t\t\t\t\t\t\t\t<div class=\"wpb_column vc_column_container vc_col-sm-8\"><div class=\"vc_column-inner\"><div class=\"wpb_wrapper\"><div class=\"wpb_text_column wpb_content_element \"><div class=\"wpb_wrapper\"><p>Desde propiedades grandes hasta unidades peque\u00f1as y viviendas multifamiliares, y basado en el tipo de su propiedad, 3C-REN ofrece programas personalizados. Elija uno de los enlaces a continuaci\u00f3n para ver sus opciones de elegibilidad:<\/p><\/div><\/div><\/div><\/div><\/div>\t\t\t\t\t\t\t\t<\/div>\n\t\t\t\t<\/div>\n\t\t\t\t<\/div>\n\t\t\t\t<\/div>\n\t\t<div class=\"elementor-element elementor-element-b75b26f e-con-full e-flex e-con e-child\" data-id=\"b75b26f\" data-element_type=\"container\" data-e-type=\"container\">\n\t\t<a class=\"elementor-element elementor-element-a3d20e5 e-con-full ecc-card e-flex e-con e-child\" data-id=\"a3d20e5\" data-element_type=\"container\" data-e-type=\"container\" data-settings=\"{&quot;background_background&quot;:&quot;classic&quot;}\" href=\"\/es\/renovaciones-para-propiedades-multifamiliares\/\">\n\t\t<div class=\"elementor-element elementor-element-f8ea75d e-con-full signup-links e-flex e-con e-child\" data-id=\"f8ea75d\" data-element_type=\"container\" data-e-type=\"container\" data-settings=\"{&quot;background_background&quot;:&quot;classic&quot;}\">\n\t\t\t\t<div class=\"elementor-element elementor-element-ac2b33e elementor-widget elementor-widget-text-editor\" data-id=\"ac2b33e\" data-element_type=\"widget\" data-e-type=\"widget\" data-widget_type=\"text-editor.default\">\n\t\t\t\t<div class=\"elementor-widget-container\">\n\t\t\t\t\t\t\t\t\t<p><strong>Propiedades Multifamiliares (5+ unidades)<\/strong><\/p>\t\t\t\t\t\t\t\t<\/div>\n\t\t\t\t<\/div>\n\t\t<div class=\"elementor-element elementor-element-9595e78 e-con-full signup-links e-flex e-con e-child\" data-id=\"9595e78\" data-element_type=\"container\" data-e-type=\"container\" data-settings=\"{&quot;background_background&quot;:&quot;classic&quot;}\">\n\t\t<div class=\"elementor-element elementor-element-c468fff e-con-full e-flex e-con e-child\" data-id=\"c468fff\" data-element_type=\"container\" data-e-type=\"container\">\n\t\t\t\t<div class=\"elementor-element elementor-element-6c8c7e7 elementor-widget elementor-widget-text-editor\" data-id=\"6c8c7e7\" data-element_type=\"widget\" data-e-type=\"widget\" data-widget_type=\"text-editor.default\">\n\t\t\t\t<div class=\"elementor-widget-container\">\n\t\t\t\t\t\t\t\t\t<p>3C-REN ofrece extensos beneficios para propiedades con <strong>cinco o m\u00e1s unidades.<\/strong><\/p>\t\t\t\t\t\t\t\t<\/div>\n\t\t\t\t<\/div>\n\t\t\t\t<\/div>\n\t\t\t\t<\/div>\n\t\t\t\t<\/div>\n\t\t\t\t<\/a>\n\t\t<a class=\"elementor-element elementor-element-6b09d98 e-con-full ecc-card e-flex e-con e-child\" data-id=\"6b09d98\" data-element_type=\"container\" data-e-type=\"container\" data-settings=\"{&quot;background_background&quot;:&quot;classic&quot;}\" href=\"\/es\/para-residentes\/\">\n\t\t<div class=\"elementor-element elementor-element-79ac14f e-con-full e-flex e-con e-child\" data-id=\"79ac14f\" data-element_type=\"container\" data-e-type=\"container\" data-settings=\"{&quot;background_background&quot;:&quot;classic&quot;}\">\n\t\t\t\t<div class=\"elementor-element elementor-element-fdbf77d elementor-widget elementor-widget-text-editor\" data-id=\"fdbf77d\" data-element_type=\"widget\" data-e-type=\"widget\" data-widget_type=\"text-editor.default\">\n\t\t\t\t<div class=\"elementor-widget-container\">\n\t\t\t\t\t\t\t\t\t<p><strong>Propiedades Unifamiliares (1-4 unidades)<\/strong><\/p>\t\t\t\t\t\t\t\t<\/div>\n\t\t\t\t<\/div>\n\t\t<div class=\"elementor-element elementor-element-78b189f e-con-full signup-links e-flex e-con e-child\" data-id=\"78b189f\" data-element_type=\"container\" data-e-type=\"container\" data-settings=\"{&quot;background_background&quot;:&quot;classic&quot;}\">\n\t\t<div class=\"elementor-element elementor-element-07ae390 e-con-full e-flex e-con e-child\" data-id=\"07ae390\" data-element_type=\"container\" data-e-type=\"container\">\n\t\t\t\t<div class=\"elementor-element elementor-element-b81db98 elementor-widget elementor-widget-text-editor\" data-id=\"b81db98\" data-element_type=\"widget\" data-e-type=\"widget\" data-widget_type=\"text-editor.default\">\n\t\t\t\t<div class=\"elementor-widget-container\">\n\t\t\t\t\t\t\t\t\t<p>3C-REN tiene un programa especial para viviendas unifamiliares, <strong>propiedades de 1 a 4 unidades<\/strong> para propietarios o inquilinos.<\/p>\t\t\t\t\t\t\t\t<\/div>\n\t\t\t\t<\/div>\n\t\t\t\t<\/div>\n\t\t\t\t<\/div>\n\t\t\t\t<\/div>\n\t\t\t\t<\/a>\n\t\t\t\t<\/div>\n\t\t\t\t\t<\/div>\n\t\t\t\t<\/div>\n\t\t\t\t<\/div>\n\t\t\t\t<\/div>\n\t\t","protected":false},"excerpt":{"rendered":"<p>Ahorros de energ\u00eda para mejorar su hogar o un edificio residencial \u2013 y sus finanzas Los programas de ahorros de energ\u00eda en el hogar de 3C-REN ayudan a los habitantes [&hellip;]<\/p>\n","protected":false},"author":7,"featured_media":13598,"parent":0,"menu_order":0,"comment_status":"closed","ping_status":"closed","template":"","meta":{"_acf_changed":false,"footnotes":""},"categories":[444],"tags":[],"class_list":["post-13557","page","type-page","status-publish","has-post-thumbnail","hentry","category-spanish-footer"],"acf":[],"yoast_head":"<!-- This site is optimized with the Yoast SEO plugin v27.4 - https:\/\/yoast.com\/product\/yoast-seo-wordpress\/ -->\n<title>Home Energy Savings - 3C-REN<\/title>\n<meta name=\"robots\" content=\"index, follow, max-snippet:-1, max-image-preview:large, max-video-preview:-1\" \/>\n<link rel=\"canonical\" href=\"http:\/\/www.3c-ren.org\/home-energy-savings\/\" \/>\n<meta property=\"og:locale\" content=\"es_ES\" \/>\n<meta property=\"og:type\" content=\"article\" \/>\n<meta property=\"og:title\" content=\"Home Energy Savings - 3C-REN\" \/>\n<meta property=\"og:description\" content=\"Ahorros de energ\u00eda para mejorar su hogar o un edificio residencial \u2013 y sus finanzas Los programas de ahorros de energ\u00eda en el hogar de 3C-REN ayudan a los habitantes [&hellip;]\" \/>\n<meta property=\"og:url\" content=\"http:\/\/www.3c-ren.org\/home-energy-savings\/\" \/>\n<meta property=\"og:site_name\" content=\"3C-REN\" \/>\n<meta property=\"article:modified_time\" content=\"2025-05-20T15:41:55+00:00\" \/>\n<meta property=\"og:image\" content=\"http:\/\/www.3c-ren.org\/wp-content\/uploads\/2024\/08\/large-HES-Desktop-header-1600.jpg\" \/>\n\t<meta property=\"og:image:width\" content=\"1280\" \/>\n\t<meta property=\"og:image:height\" content=\"222\" \/>\n\t<meta property=\"og:image:type\" content=\"image\/jpeg\" \/>\n<meta name=\"twitter:card\" content=\"summary_large_image\" \/>\n<meta name=\"twitter:label1\" content=\"Est. reading time\" \/>\n\t<meta name=\"twitter:data1\" content=\"1 minute\" \/>\n<script type=\"application\/ld+json\" class=\"yoast-schema-graph\">{\"@context\":\"https:\\\/\\\/schema.org\",\"@graph\":[{\"@type\":\"WebPage\",\"@id\":\"http:\\\/\\\/www.3c-ren.org\\\/home-energy-savings\\\/\",\"url\":\"http:\\\/\\\/www.3c-ren.org\\\/home-energy-savings\\\/\",\"name\":\"Home Energy Savings - 3C-REN\",\"isPartOf\":{\"@id\":\"https:\\\/\\\/www.3c-ren.org\\\/#website\"},\"primaryImageOfPage\":{\"@id\":\"http:\\\/\\\/www.3c-ren.org\\\/home-energy-savings\\\/#primaryimage\"},\"image\":{\"@id\":\"http:\\\/\\\/www.3c-ren.org\\\/home-energy-savings\\\/#primaryimage\"},\"thumbnailUrl\":\"https:\\\/\\\/www.3c-ren.org\\\/wp-content\\\/uploads\\\/2024\\\/08\\\/large-HES-Desktop-header-1600.jpg\",\"datePublished\":\"2024-08-28T03:23:42+00:00\",\"dateModified\":\"2025-05-20T15:41:55+00:00\",\"breadcrumb\":{\"@id\":\"http:\\\/\\\/www.3c-ren.org\\\/home-energy-savings\\\/#breadcrumb\"},\"inLanguage\":\"es-ES\",\"potentialAction\":[{\"@type\":\"ReadAction\",\"target\":[\"http:\\\/\\\/www.3c-ren.org\\\/home-energy-savings\\\/\"]}]},{\"@type\":\"ImageObject\",\"inLanguage\":\"es-ES\",\"@id\":\"http:\\\/\\\/www.3c-ren.org\\\/home-energy-savings\\\/#primaryimage\",\"url\":\"https:\\\/\\\/www.3c-ren.org\\\/wp-content\\\/uploads\\\/2024\\\/08\\\/large-HES-Desktop-header-1600.jpg\",\"contentUrl\":\"https:\\\/\\\/www.3c-ren.org\\\/wp-content\\\/uploads\\\/2024\\\/08\\\/large-HES-Desktop-header-1600.jpg\",\"width\":1280,\"height\":222,\"caption\":\"Home Energy Savings\"},{\"@type\":\"BreadcrumbList\",\"@id\":\"http:\\\/\\\/www.3c-ren.org\\\/home-energy-savings\\\/#breadcrumb\",\"itemListElement\":[{\"@type\":\"ListItem\",\"position\":1,\"name\":\"Home\",\"item\":\"https:\\\/\\\/www.3c-ren.org\\\/es\\\/\"},{\"@type\":\"ListItem\",\"position\":2,\"name\":\"Home Energy Savings\"}]},{\"@type\":\"WebSite\",\"@id\":\"https:\\\/\\\/www.3c-ren.org\\\/#website\",\"url\":\"https:\\\/\\\/www.3c-ren.org\\\/\",\"name\":\"3C-REN\",\"description\":\"\",\"publisher\":{\"@id\":\"https:\\\/\\\/www.3c-ren.org\\\/#organization\"},\"potentialAction\":[{\"@type\":\"SearchAction\",\"target\":{\"@type\":\"EntryPoint\",\"urlTemplate\":\"https:\\\/\\\/www.3c-ren.org\\\/?s={search_term_string}\"},\"query-input\":{\"@type\":\"PropertyValueSpecification\",\"valueRequired\":true,\"valueName\":\"search_term_string\"}}],\"inLanguage\":\"es-ES\"},{\"@type\":\"Organization\",\"@id\":\"https:\\\/\\\/www.3c-ren.org\\\/#organization\",\"name\":\"3C-REN\",\"url\":\"https:\\\/\\\/www.3c-ren.org\\\/\",\"logo\":{\"@type\":\"ImageObject\",\"inLanguage\":\"es-ES\",\"@id\":\"https:\\\/\\\/www.3c-ren.org\\\/#\\\/schema\\\/logo\\\/image\\\/\",\"url\":\"https:\\\/\\\/www.3c-ren.org\\\/wp-content\\\/uploads\\\/2024\\\/05\\\/3C-REN_logo_header_318x72.jpg\",\"contentUrl\":\"https:\\\/\\\/www.3c-ren.org\\\/wp-content\\\/uploads\\\/2024\\\/05\\\/3C-REN_logo_header_318x72.jpg\",\"width\":318,\"height\":72,\"caption\":\"3C-REN\"},\"image\":{\"@id\":\"https:\\\/\\\/www.3c-ren.org\\\/#\\\/schema\\\/logo\\\/image\\\/\"},\"sameAs\":[\"https:\\\/\\\/www.youtube.com\\\/@tricountyren\",\"https:\\\/\\\/www.linkedin.com\\\/company\\\/tri-county-regional-energy-network\"]}]}<\/script>\n<!-- \/ Yoast SEO plugin. -->","yoast_head_json":{"title":"Home Energy Savings - 3C-REN","robots":{"index":"index","follow":"follow","max-snippet":"max-snippet:-1","max-image-preview":"max-image-preview:large","max-video-preview":"max-video-preview:-1"},"canonical":"http:\/\/www.3c-ren.org\/home-energy-savings\/","og_locale":"es_ES","og_type":"article","og_title":"Home Energy Savings - 3C-REN","og_description":"Ahorros de energ\u00eda para mejorar su hogar o un edificio residencial \u2013 y sus finanzas Los programas de ahorros de energ\u00eda en el hogar de 3C-REN ayudan a los habitantes [&hellip;]","og_url":"http:\/\/www.3c-ren.org\/home-energy-savings\/","og_site_name":"3C-REN","article_modified_time":"2025-05-20T15:41:55+00:00","og_image":[{"width":1280,"height":222,"url":"http:\/\/www.3c-ren.org\/wp-content\/uploads\/2024\/08\/large-HES-Desktop-header-1600.jpg","type":"image\/jpeg"}],"twitter_card":"summary_large_image","twitter_misc":{"Est. reading time":"1 minute"},"schema":{"@context":"https:\/\/schema.org","@graph":[{"@type":"WebPage","@id":"http:\/\/www.3c-ren.org\/home-energy-savings\/","url":"http:\/\/www.3c-ren.org\/home-energy-savings\/","name":"Home Energy Savings - 3C-REN","isPartOf":{"@id":"https:\/\/www.3c-ren.org\/#website"},"primaryImageOfPage":{"@id":"http:\/\/www.3c-ren.org\/home-energy-savings\/#primaryimage"},"image":{"@id":"http:\/\/www.3c-ren.org\/home-energy-savings\/#primaryimage"},"thumbnailUrl":"https:\/\/www.3c-ren.org\/wp-content\/uploads\/2024\/08\/large-HES-Desktop-header-1600.jpg","datePublished":"2024-08-28T03:23:42+00:00","dateModified":"2025-05-20T15:41:55+00:00","breadcrumb":{"@id":"http:\/\/www.3c-ren.org\/home-energy-savings\/#breadcrumb"},"inLanguage":"es-ES","potentialAction":[{"@type":"ReadAction","target":["http:\/\/www.3c-ren.org\/home-energy-savings\/"]}]},{"@type":"ImageObject","inLanguage":"es-ES","@id":"http:\/\/www.3c-ren.org\/home-energy-savings\/#primaryimage","url":"https:\/\/www.3c-ren.org\/wp-content\/uploads\/2024\/08\/large-HES-Desktop-header-1600.jpg","contentUrl":"https:\/\/www.3c-ren.org\/wp-content\/uploads\/2024\/08\/large-HES-Desktop-header-1600.jpg","width":1280,"height":222,"caption":"Home Energy Savings"},{"@type":"BreadcrumbList","@id":"http:\/\/www.3c-ren.org\/home-energy-savings\/#breadcrumb","itemListElement":[{"@type":"ListItem","position":1,"name":"Home","item":"https:\/\/www.3c-ren.org\/es\/"},{"@type":"ListItem","position":2,"name":"Home Energy Savings"}]},{"@type":"WebSite","@id":"https:\/\/www.3c-ren.org\/#website","url":"https:\/\/www.3c-ren.org\/","name":"3C-REN","description":"","publisher":{"@id":"https:\/\/www.3c-ren.org\/#organization"},"potentialAction":[{"@type":"SearchAction","target":{"@type":"EntryPoint","urlTemplate":"https:\/\/www.3c-ren.org\/?s={search_term_string}"},"query-input":{"@type":"PropertyValueSpecification","valueRequired":true,"valueName":"search_term_string"}}],"inLanguage":"es-ES"},{"@type":"Organization","@id":"https:\/\/www.3c-ren.org\/#organization","name":"3C-REN","url":"https:\/\/www.3c-ren.org\/","logo":{"@type":"ImageObject","inLanguage":"es-ES","@id":"https:\/\/www.3c-ren.org\/#\/schema\/logo\/image\/","url":"https:\/\/www.3c-ren.org\/wp-content\/uploads\/2024\/05\/3C-REN_logo_header_318x72.jpg","contentUrl":"https:\/\/www.3c-ren.org\/wp-content\/uploads\/2024\/05\/3C-REN_logo_header_318x72.jpg","width":318,"height":72,"caption":"3C-REN"},"image":{"@id":"https:\/\/www.3c-ren.org\/#\/schema\/logo\/image\/"},"sameAs":["https:\/\/www.youtube.com\/@tricountyren","https:\/\/www.linkedin.com\/company\/tri-county-regional-energy-network"]}]}},"_links":{"self":[{"href":"https:\/\/www.3c-ren.org\/es\/wp-json\/wp\/v2\/pages\/13557","targetHints":{"allow":["GET"]}}],"collection":[{"href":"https:\/\/www.3c-ren.org\/es\/wp-json\/wp\/v2\/pages"}],"about":[{"href":"https:\/\/www.3c-ren.org\/es\/wp-json\/wp\/v2\/types\/page"}],"author":[{"embeddable":true,"href":"https:\/\/www.3c-ren.org\/es\/wp-json\/wp\/v2\/users\/7"}],"replies":[{"embeddable":true,"href":"https:\/\/www.3c-ren.org\/es\/wp-json\/wp\/v2\/comments?post=13557"}],"version-history":[{"count":4,"href":"https:\/\/www.3c-ren.org\/es\/wp-json\/wp\/v2\/pages\/13557\/revisions"}],"predecessor-version":[{"id":16288,"href":"https:\/\/www.3c-ren.org\/es\/wp-json\/wp\/v2\/pages\/13557\/revisions\/16288"}],"wp:featuredmedia":[{"embeddable":true,"href":"https:\/\/www.3c-ren.org\/es\/wp-json\/wp\/v2\/media\/13598"}],"wp:attachment":[{"href":"https:\/\/www.3c-ren.org\/es\/wp-json\/wp\/v2\/media?parent=13557"}],"wp:term":[{"taxonomy":"category","embeddable":true,"href":"https:\/\/www.3c-ren.org\/es\/wp-json\/wp\/v2\/categories?post=13557"},{"taxonomy":"post_tag","embeddable":true,"href":"https:\/\/www.3c-ren.org\/es\/wp-json\/wp\/v2\/tags?post=13557"}],"curies":[{"name":"wp","href":"https:\/\/api.w.org\/{rel}","templated":true}]}}